{"id":16814,"date":"2022-06-24T12:44:07","date_gmt":"2022-06-24T10:44:07","guid":{"rendered":"http:\/\/www.hapy-com.fr\/echoppe\/product\/ruban-chapeau-menas-8\/"},"modified":"2022-07-05T21:42:55","modified_gmt":"2022-07-05T19:42:55","slug":"ruban-chapeau-menas-8","status":"publish","type":"product","link":"https:\/\/www.hapy-com.fr\/echoppe\/product\/ruban-chapeau-menas-8\/","title":{"rendered":"Ruban Chapeau Menas"},"content":{"rendered":"<p>Rubans en intiss\u00e9 pour chapeau. Livr\u00e9s en planche de 10 rubans pr\u00e9d\u00e9coup\u00e9s. Livr\u00e9 d\u00e9pli\u00e9e pour faciliter le marquage. Plusieurs coloris disponibles.<\/p>\n","protected":false},"excerpt":{"rendered":"<p>Rubans en intiss\u00e9 pour chapeau. Livr\u00e9s en planche de 10 rubans pr\u00e9d\u00e9coup\u00e9s. Livr\u00e9 d\u00e9pli\u00e9e pour faciliter le marquage. Plusieurs coloris disponibles.<\/p>\n","protected":false},"featured_media":16813,"template":"","meta":[],"product_cat":[356,456],"product_tag":[],"class_list":{"0":"post-16814","1":"product","2":"type-product","3":"status-publish","4":"has-post-thumbnail","6":"product_cat-casquettes-et-chapeaux","7":"product_cat-ruban","9":"first","10":"instock","11":"shipping-taxable","12":"purchasable","13":"product-type-simple"},"_links":{"self":[{"href":"https:\/\/www.hapy-com.fr\/echoppe\/wp-json\/wp\/v2\/product\/16814","targetHints":{"allow":["GET"]}}],"collection":[{"href":"https:\/\/www.hapy-com.fr\/echoppe\/wp-json\/wp\/v2\/product"}],"about":[{"href":"https:\/\/www.hapy-com.fr\/echoppe\/wp-json\/wp\/v2\/types\/product"}],"wp:featuredmedia":[{"embeddable":true,"href":"https:\/\/www.hapy-com.fr\/echoppe\/wp-json\/wp\/v2\/media\/16813"}],"wp:attachment":[{"href":"https:\/\/www.hapy-com.fr\/echoppe\/wp-json\/wp\/v2\/media?parent=16814"}],"wp:term":[{"taxonomy":"product_cat","embeddable":true,"href":"https:\/\/www.hapy-com.fr\/echoppe\/wp-json\/wp\/v2\/product_cat?post=16814"},{"taxonomy":"product_tag","embeddable":true,"href":"https:\/\/www.hapy-com.fr\/echoppe\/wp-json\/wp\/v2\/product_tag?post=16814"}],"curies":[{"name":"wp","href":"https:\/\/api.w.org\/{rel}","templated":true}]}}