{"id":16830,"date":"2022-06-24T12:44:20","date_gmt":"2022-06-24T10:44:20","guid":{"rendered":"http:\/\/www.hapy-com.fr\/echoppe\/product\/bonnet-holsen-3\/"},"modified":"2022-07-05T20:57:58","modified_gmt":"2022-07-05T18:57:58","slug":"bonnet-holsen-3","status":"publish","type":"product","link":"https:\/\/www.hapy-com.fr\/echoppe\/product\/bonnet-holsen-3\/","title":{"rendered":"Bonnet Holsen"},"content":{"rendered":"<p>Bonnet en tricot doux et chaud en polyester \u00e9lastique \u00e0 double couche. Avec bande avant assortie pour le marquage et disponible dans un large \u00e9ventail de couleurs.<\/p>\n","protected":false},"excerpt":{"rendered":"<p>Bonnet en tricot doux et chaud en polyester \u00e9lastique \u00e0 double couche. Avec bande avant assortie pour le marquage et disponible dans un large \u00e9ventail de couleurs.<\/p>\n","protected":false},"featured_media":16829,"template":"","meta":[],"product_cat":[443,356],"product_tag":[],"class_list":{"0":"post-16830","1":"product","2":"type-product","3":"status-publish","4":"has-post-thumbnail","6":"product_cat-bonnet","7":"product_cat-casquettes-et-chapeaux","9":"first","10":"instock","11":"shipping-taxable","12":"purchasable","13":"product-type-simple"},"_links":{"self":[{"href":"https:\/\/www.hapy-com.fr\/echoppe\/wp-json\/wp\/v2\/product\/16830","targetHints":{"allow":["GET"]}}],"collection":[{"href":"https:\/\/www.hapy-com.fr\/echoppe\/wp-json\/wp\/v2\/product"}],"about":[{"href":"https:\/\/www.hapy-com.fr\/echoppe\/wp-json\/wp\/v2\/types\/product"}],"wp:featuredmedia":[{"embeddable":true,"href":"https:\/\/www.hapy-com.fr\/echoppe\/wp-json\/wp\/v2\/media\/16829"}],"wp:attachment":[{"href":"https:\/\/www.hapy-com.fr\/echoppe\/wp-json\/wp\/v2\/media?parent=16830"}],"wp:term":[{"taxonomy":"product_cat","embeddable":true,"href":"https:\/\/www.hapy-com.fr\/echoppe\/wp-json\/wp\/v2\/product_cat?post=16830"},{"taxonomy":"product_tag","embeddable":true,"href":"https:\/\/www.hapy-com.fr\/echoppe\/wp-json\/wp\/v2\/product_tag?post=16830"}],"curies":[{"name":"wp","href":"https:\/\/api.w.org\/{rel}","templated":true}]}}