{"id":16844,"date":"2022-06-24T12:44:32","date_gmt":"2022-06-24T10:44:32","guid":{"rendered":"http:\/\/www.hapy-com.fr\/echoppe\/product\/chapeau-licem\/"},"modified":"2022-07-05T21:28:54","modified_gmt":"2022-07-05T19:28:54","slug":"chapeau-licem","status":"publish","type":"product","link":"https:\/\/www.hapy-com.fr\/echoppe\/product\/chapeau-licem\/","title":{"rendered":"Chapeau Licem"},"content":{"rendered":"<p>Chapeau en fibre synth\u00e9tique de haute qualit\u00e9. Ruban respirant int\u00e9rieur.<\/p>\n","protected":false},"excerpt":{"rendered":"<p>Chapeau en fibre synth\u00e9tique de haute qualit\u00e9. Ruban respirant int\u00e9rieur.<\/p>\n","protected":false},"featured_media":16843,"template":"","meta":[],"product_cat":[356,445],"product_tag":[],"class_list":{"0":"post-16844","1":"product","2":"type-product","3":"status-publish","4":"has-post-thumbnail","6":"product_cat-casquettes-et-chapeaux","7":"product_cat-casquette-et-visiere","9":"first","10":"instock","11":"shipping-taxable","12":"purchasable","13":"product-type-simple"},"_links":{"self":[{"href":"https:\/\/www.hapy-com.fr\/echoppe\/wp-json\/wp\/v2\/product\/16844","targetHints":{"allow":["GET"]}}],"collection":[{"href":"https:\/\/www.hapy-com.fr\/echoppe\/wp-json\/wp\/v2\/product"}],"about":[{"href":"https:\/\/www.hapy-com.fr\/echoppe\/wp-json\/wp\/v2\/types\/product"}],"wp:featuredmedia":[{"embeddable":true,"href":"https:\/\/www.hapy-com.fr\/echoppe\/wp-json\/wp\/v2\/media\/16843"}],"wp:attachment":[{"href":"https:\/\/www.hapy-com.fr\/echoppe\/wp-json\/wp\/v2\/media?parent=16844"}],"wp:term":[{"taxonomy":"product_cat","embeddable":true,"href":"https:\/\/www.hapy-com.fr\/echoppe\/wp-json\/wp\/v2\/product_cat?post=16844"},{"taxonomy":"product_tag","embeddable":true,"href":"https:\/\/www.hapy-com.fr\/echoppe\/wp-json\/wp\/v2\/product_tag?post=16844"}],"curies":[{"name":"wp","href":"https:\/\/api.w.org\/{rel}","templated":true}]}}