{"id":16846,"date":"2022-06-24T12:44:34","date_gmt":"2022-06-24T10:44:34","guid":{"rendered":"http:\/\/www.hapy-com.fr\/echoppe\/product\/chapeau-chizzer\/"},"modified":"2022-07-05T21:28:51","modified_gmt":"2022-07-05T19:28:51","slug":"chapeau-chizzer","status":"publish","type":"product","link":"https:\/\/www.hapy-com.fr\/echoppe\/product\/chapeau-chizzer\/","title":{"rendered":"Chapeau Chizzer"},"content":{"rendered":"<p>Chapeau en fibre synth\u00e9tique de haute qualit\u00e9 avec une bande respirante int\u00e9rieure.<\/p>\n","protected":false},"excerpt":{"rendered":"<p>Chapeau en fibre synth\u00e9tique de haute qualit\u00e9 avec une bande respirante int\u00e9rieure.<\/p>\n","protected":false},"featured_media":16845,"template":"","meta":[],"product_cat":[356,445],"product_tag":[],"class_list":{"0":"post-16846","1":"product","2":"type-product","3":"status-publish","4":"has-post-thumbnail","6":"product_cat-casquettes-et-chapeaux","7":"product_cat-casquette-et-visiere","9":"first","10":"instock","11":"shipping-taxable","12":"purchasable","13":"product-type-simple"},"_links":{"self":[{"href":"https:\/\/www.hapy-com.fr\/echoppe\/wp-json\/wp\/v2\/product\/16846","targetHints":{"allow":["GET"]}}],"collection":[{"href":"https:\/\/www.hapy-com.fr\/echoppe\/wp-json\/wp\/v2\/product"}],"about":[{"href":"https:\/\/www.hapy-com.fr\/echoppe\/wp-json\/wp\/v2\/types\/product"}],"wp:featuredmedia":[{"embeddable":true,"href":"https:\/\/www.hapy-com.fr\/echoppe\/wp-json\/wp\/v2\/media\/16845"}],"wp:attachment":[{"href":"https:\/\/www.hapy-com.fr\/echoppe\/wp-json\/wp\/v2\/media?parent=16846"}],"wp:term":[{"taxonomy":"product_cat","embeddable":true,"href":"https:\/\/www.hapy-com.fr\/echoppe\/wp-json\/wp\/v2\/product_cat?post=16846"},{"taxonomy":"product_tag","embeddable":true,"href":"https:\/\/www.hapy-com.fr\/echoppe\/wp-json\/wp\/v2\/product_tag?post=16846"}],"curies":[{"name":"wp","href":"https:\/\/api.w.org\/{rel}","templated":true}]}}