{"id":16852,"date":"2022-06-24T12:44:38","date_gmt":"2022-06-24T10:44:38","guid":{"rendered":"http:\/\/www.hapy-com.fr\/echoppe\/product\/visiere-narim-2\/"},"modified":"2022-07-05T21:26:47","modified_gmt":"2022-07-05T19:26:47","slug":"visiere-narim-2","status":"publish","type":"product","link":"https:\/\/www.hapy-com.fr\/echoppe\/product\/visiere-narim-2\/","title":{"rendered":"Visi\u00e8re Narim"},"content":{"rendered":"<p>Visi\u00e8re originale en PVC avec protection UV. Finition en couleurs transparentes combin\u00e9es \u00e0 des d\u00e9tails blancs, \u00e9lastique r\u00e9glable et disponible dans diff\u00e9rents coloris.<\/p>\n","protected":false},"excerpt":{"rendered":"<p>Visi\u00e8re originale en PVC avec protection UV. Finition en couleurs transparentes combin\u00e9es \u00e0 des d\u00e9tails blancs, \u00e9lastique r\u00e9glable et disponible dans diff\u00e9rents coloris.<\/p>\n","protected":false},"featured_media":16851,"template":"","meta":[],"product_cat":[446,356],"product_tag":[],"class_list":{"0":"post-16852","1":"product","2":"type-product","3":"status-publish","4":"has-post-thumbnail","6":"product_cat-casquette-et-visiere-casquettes-et-chapeaux","7":"product_cat-casquettes-et-chapeaux","9":"first","10":"instock","11":"shipping-taxable","12":"purchasable","13":"product-type-simple"},"_links":{"self":[{"href":"https:\/\/www.hapy-com.fr\/echoppe\/wp-json\/wp\/v2\/product\/16852","targetHints":{"allow":["GET"]}}],"collection":[{"href":"https:\/\/www.hapy-com.fr\/echoppe\/wp-json\/wp\/v2\/product"}],"about":[{"href":"https:\/\/www.hapy-com.fr\/echoppe\/wp-json\/wp\/v2\/types\/product"}],"wp:featuredmedia":[{"embeddable":true,"href":"https:\/\/www.hapy-com.fr\/echoppe\/wp-json\/wp\/v2\/media\/16851"}],"wp:attachment":[{"href":"https:\/\/www.hapy-com.fr\/echoppe\/wp-json\/wp\/v2\/media?parent=16852"}],"wp:term":[{"taxonomy":"product_cat","embeddable":true,"href":"https:\/\/www.hapy-com.fr\/echoppe\/wp-json\/wp\/v2\/product_cat?post=16852"},{"taxonomy":"product_tag","embeddable":true,"href":"https:\/\/www.hapy-com.fr\/echoppe\/wp-json\/wp\/v2\/product_tag?post=16852"}],"curies":[{"name":"wp","href":"https:\/\/api.w.org\/{rel}","templated":true}]}}