{"id":16859,"date":"2022-06-24T12:44:43","date_gmt":"2022-06-24T10:44:43","guid":{"rendered":"http:\/\/www.hapy-com.fr\/echoppe\/product\/casquette-danix\/"},"modified":"2022-07-05T21:25:11","modified_gmt":"2022-07-05T19:25:11","slug":"casquette-danix","status":"publish","type":"product","link":"https:\/\/www.hapy-com.fr\/echoppe\/product\/casquette-danix\/","title":{"rendered":"Casquette Danix"},"content":{"rendered":"<p>Casquette de 6 panneaux en bi-couleurs. En polyester, en partie en Mesh pour a\u00e9ration et aerations brod\u00e9es sur la partie avant. R\u00e9glable \u00e0 l\u00b4arri\u00e8re.<\/p>\n","protected":false},"excerpt":{"rendered":"<p>Casquette de 6 panneaux en bi-couleurs. En polyester, en partie en Mesh pour a\u00e9ration et aerations brod\u00e9es sur la partie avant. R\u00e9glable \u00e0 l\u00b4arri\u00e8re.<\/p>\n","protected":false},"featured_media":16857,"template":"","meta":[],"product_cat":[446,356],"product_tag":[],"class_list":{"0":"post-16859","1":"product","2":"type-product","3":"status-publish","4":"has-post-thumbnail","6":"product_cat-casquette-et-visiere-casquettes-et-chapeaux","7":"product_cat-casquettes-et-chapeaux","9":"first","10":"instock","11":"shipping-taxable","12":"purchasable","13":"product-type-simple"},"_links":{"self":[{"href":"https:\/\/www.hapy-com.fr\/echoppe\/wp-json\/wp\/v2\/product\/16859","targetHints":{"allow":["GET"]}}],"collection":[{"href":"https:\/\/www.hapy-com.fr\/echoppe\/wp-json\/wp\/v2\/product"}],"about":[{"href":"https:\/\/www.hapy-com.fr\/echoppe\/wp-json\/wp\/v2\/types\/product"}],"wp:featuredmedia":[{"embeddable":true,"href":"https:\/\/www.hapy-com.fr\/echoppe\/wp-json\/wp\/v2\/media\/16857"}],"wp:attachment":[{"href":"https:\/\/www.hapy-com.fr\/echoppe\/wp-json\/wp\/v2\/media?parent=16859"}],"wp:term":[{"taxonomy":"product_cat","embeddable":true,"href":"https:\/\/www.hapy-com.fr\/echoppe\/wp-json\/wp\/v2\/product_cat?post=16859"},{"taxonomy":"product_tag","embeddable":true,"href":"https:\/\/www.hapy-com.fr\/echoppe\/wp-json\/wp\/v2\/product_tag?post=16859"}],"curies":[{"name":"wp","href":"https:\/\/api.w.org\/{rel}","templated":true}]}}