{"id":16902,"date":"2022-06-24T12:45:13","date_gmt":"2022-06-24T10:45:13","guid":{"rendered":"http:\/\/www.hapy-com.fr\/echoppe\/product\/casquette-camouflage-rambo\/"},"modified":"2022-07-05T21:25:09","modified_gmt":"2022-07-05T19:25:09","slug":"casquette-camouflage-rambo","status":"publish","type":"product","link":"https:\/\/www.hapy-com.fr\/echoppe\/product\/casquette-camouflage-rambo\/","title":{"rendered":"Casquette Camouflage Rambo"},"content":{"rendered":"<p>Casquette \u00e0 5 panneaux en 100% coton avec imprim\u00e9 camouflage. Orifices d\u00b4a\u00e9ration brod\u00e9s et fermeture Velcro r\u00e9glable.<\/p>\n","protected":false},"excerpt":{"rendered":"<p>Casquette \u00e0 5 panneaux en 100% coton avec imprim\u00e9 camouflage. Orifices d\u00b4a\u00e9ration brod\u00e9s et fermeture Velcro r\u00e9glable.<\/p>\n","protected":false},"featured_media":16901,"template":"","meta":[],"product_cat":[446,356],"product_tag":[],"class_list":{"0":"post-16902","1":"product","2":"type-product","3":"status-publish","4":"has-post-thumbnail","6":"product_cat-casquette-et-visiere-casquettes-et-chapeaux","7":"product_cat-casquettes-et-chapeaux","9":"first","10":"instock","11":"shipping-taxable","12":"purchasable","13":"product-type-simple"},"_links":{"self":[{"href":"https:\/\/www.hapy-com.fr\/echoppe\/wp-json\/wp\/v2\/product\/16902","targetHints":{"allow":["GET"]}}],"collection":[{"href":"https:\/\/www.hapy-com.fr\/echoppe\/wp-json\/wp\/v2\/product"}],"about":[{"href":"https:\/\/www.hapy-com.fr\/echoppe\/wp-json\/wp\/v2\/types\/product"}],"wp:featuredmedia":[{"embeddable":true,"href":"https:\/\/www.hapy-com.fr\/echoppe\/wp-json\/wp\/v2\/media\/16901"}],"wp:attachment":[{"href":"https:\/\/www.hapy-com.fr\/echoppe\/wp-json\/wp\/v2\/media?parent=16902"}],"wp:term":[{"taxonomy":"product_cat","embeddable":true,"href":"https:\/\/www.hapy-com.fr\/echoppe\/wp-json\/wp\/v2\/product_cat?post=16902"},{"taxonomy":"product_tag","embeddable":true,"href":"https:\/\/www.hapy-com.fr\/echoppe\/wp-json\/wp\/v2\/product_tag?post=16902"}],"curies":[{"name":"wp","href":"https:\/\/api.w.org\/{rel}","templated":true}]}}