{"id":16930,"date":"2022-06-24T12:45:34","date_gmt":"2022-06-24T10:45:34","guid":{"rendered":"http:\/\/www.hapy-com.fr\/echoppe\/product\/casquette-line-3\/"},"modified":"2022-07-05T21:26:44","modified_gmt":"2022-07-05T19:26:44","slug":"casquette-line-3","status":"publish","type":"product","link":"https:\/\/www.hapy-com.fr\/echoppe\/product\/casquette-line-3\/","title":{"rendered":"Casquette Line"},"content":{"rendered":"<p>Casquette \u00e0 5 panneaux en 100% coton avec liser\u00e9 contrast\u00e9 sur la visi\u00e8re et les c\u00f4t\u00e9s. Orifices d\u00b4a\u00e9ration brod\u00e9s et fermeture r\u00e9glable par velcro. Gamme vari\u00e9e de couleurs vives.<\/p>\n","protected":false},"excerpt":{"rendered":"<p>Casquette \u00e0 5 panneaux en 100% coton avec liser\u00e9 contrast\u00e9 sur la visi\u00e8re et les c\u00f4t\u00e9s. Orifices d\u00b4a\u00e9ration brod\u00e9s et fermeture r\u00e9glable par velcro. Gamme vari\u00e9e de couleurs vives.<\/p>\n","protected":false},"featured_media":16929,"template":"","meta":[],"product_cat":[446,356],"product_tag":[],"class_list":{"0":"post-16930","1":"product","2":"type-product","3":"status-publish","4":"has-post-thumbnail","6":"product_cat-casquette-et-visiere-casquettes-et-chapeaux","7":"product_cat-casquettes-et-chapeaux","9":"first","10":"instock","11":"shipping-taxable","12":"purchasable","13":"product-type-simple"},"_links":{"self":[{"href":"https:\/\/www.hapy-com.fr\/echoppe\/wp-json\/wp\/v2\/product\/16930","targetHints":{"allow":["GET"]}}],"collection":[{"href":"https:\/\/www.hapy-com.fr\/echoppe\/wp-json\/wp\/v2\/product"}],"about":[{"href":"https:\/\/www.hapy-com.fr\/echoppe\/wp-json\/wp\/v2\/types\/product"}],"wp:featuredmedia":[{"embeddable":true,"href":"https:\/\/www.hapy-com.fr\/echoppe\/wp-json\/wp\/v2\/media\/16929"}],"wp:attachment":[{"href":"https:\/\/www.hapy-com.fr\/echoppe\/wp-json\/wp\/v2\/media?parent=16930"}],"wp:term":[{"taxonomy":"product_cat","embeddable":true,"href":"https:\/\/www.hapy-com.fr\/echoppe\/wp-json\/wp\/v2\/product_cat?post=16930"},{"taxonomy":"product_tag","embeddable":true,"href":"https:\/\/www.hapy-com.fr\/echoppe\/wp-json\/wp\/v2\/product_tag?post=16930"}],"curies":[{"name":"wp","href":"https:\/\/api.w.org\/{rel}","templated":true}]}}