{"id":16949,"date":"2022-06-24T12:45:47","date_gmt":"2022-06-24T10:45:47","guid":{"rendered":"http:\/\/www.hapy-com.fr\/echoppe\/product\/bonnet-reversible-nesy-3\/"},"modified":"2022-07-05T20:58:02","modified_gmt":"2022-07-05T18:58:02","slug":"bonnet-reversible-nesy-3","status":"publish","type":"product","link":"https:\/\/www.hapy-com.fr\/echoppe\/product\/bonnet-reversible-nesy-3\/","title":{"rendered":"Bonnet R\u00e9versible Nesy"},"content":{"rendered":"<p>Casquette de haute qualit\u00e9, type bob, r\u00e9versible et dans une vari\u00e9t\u00e9 de couleurs vives. Avec ext\u00e9rieure en nylon et int\u00e9rieure on polaire fleece lisse et chaude avec traitement anti-boulochage.<\/p>\n","protected":false},"excerpt":{"rendered":"<p>Casquette de haute qualit\u00e9, type bob, r\u00e9versible et dans une vari\u00e9t\u00e9 de couleurs vives. Avec ext\u00e9rieure en nylon et int\u00e9rieure on polaire fleece lisse et chaude avec traitement anti-boulochage.<\/p>\n","protected":false},"featured_media":16948,"template":"","meta":[],"product_cat":[443,356],"product_tag":[],"class_list":{"0":"post-16949","1":"product","2":"type-product","3":"status-publish","4":"has-post-thumbnail","6":"product_cat-bonnet","7":"product_cat-casquettes-et-chapeaux","9":"first","10":"instock","11":"shipping-taxable","12":"purchasable","13":"product-type-simple"},"_links":{"self":[{"href":"https:\/\/www.hapy-com.fr\/echoppe\/wp-json\/wp\/v2\/product\/16949","targetHints":{"allow":["GET"]}}],"collection":[{"href":"https:\/\/www.hapy-com.fr\/echoppe\/wp-json\/wp\/v2\/product"}],"about":[{"href":"https:\/\/www.hapy-com.fr\/echoppe\/wp-json\/wp\/v2\/types\/product"}],"wp:featuredmedia":[{"embeddable":true,"href":"https:\/\/www.hapy-com.fr\/echoppe\/wp-json\/wp\/v2\/media\/16948"}],"wp:attachment":[{"href":"https:\/\/www.hapy-com.fr\/echoppe\/wp-json\/wp\/v2\/media?parent=16949"}],"wp:term":[{"taxonomy":"product_cat","embeddable":true,"href":"https:\/\/www.hapy-com.fr\/echoppe\/wp-json\/wp\/v2\/product_cat?post=16949"},{"taxonomy":"product_tag","embeddable":true,"href":"https:\/\/www.hapy-com.fr\/echoppe\/wp-json\/wp\/v2\/product_tag?post=16949"}],"curies":[{"name":"wp","href":"https:\/\/api.w.org\/{rel}","templated":true}]}}