{"id":16966,"date":"2022-06-24T12:46:01","date_gmt":"2022-06-24T10:46:01","guid":{"rendered":"http:\/\/www.hapy-com.fr\/echoppe\/product\/casquette-saigon-2\/"},"modified":"2022-07-05T21:25:23","modified_gmt":"2022-07-05T19:25:23","slug":"casquette-saigon-2","status":"publish","type":"product","link":"https:\/\/www.hapy-com.fr\/echoppe\/product\/casquette-saigon-2\/","title":{"rendered":"Casquette Saigon"},"content":{"rendered":"<p>Casquette de type militaire en 100% coton peign\u00e9 et en couleurs sobres. Avec orifices d\u00b4a\u00e9ration lat\u00e9raux renforc\u00e9s par un oeillet m\u00e9tallique. Fermeture Velcro r\u00e9glable.<\/p>\n","protected":false},"excerpt":{"rendered":"<p>Casquette de type militaire en 100% coton peign\u00e9 et en couleurs sobres. Avec orifices d\u00b4a\u00e9ration lat\u00e9raux renforc\u00e9s par un oeillet m\u00e9tallique. Fermeture Velcro r\u00e9glable.<\/p>\n","protected":false},"featured_media":16964,"template":"","meta":[],"product_cat":[446,356],"product_tag":[],"class_list":{"0":"post-16966","1":"product","2":"type-product","3":"status-publish","4":"has-post-thumbnail","6":"product_cat-casquette-et-visiere-casquettes-et-chapeaux","7":"product_cat-casquettes-et-chapeaux","9":"first","10":"instock","11":"shipping-taxable","12":"purchasable","13":"product-type-simple"},"_links":{"self":[{"href":"https:\/\/www.hapy-com.fr\/echoppe\/wp-json\/wp\/v2\/product\/16966","targetHints":{"allow":["GET"]}}],"collection":[{"href":"https:\/\/www.hapy-com.fr\/echoppe\/wp-json\/wp\/v2\/product"}],"about":[{"href":"https:\/\/www.hapy-com.fr\/echoppe\/wp-json\/wp\/v2\/types\/product"}],"wp:featuredmedia":[{"embeddable":true,"href":"https:\/\/www.hapy-com.fr\/echoppe\/wp-json\/wp\/v2\/media\/16964"}],"wp:attachment":[{"href":"https:\/\/www.hapy-com.fr\/echoppe\/wp-json\/wp\/v2\/media?parent=16966"}],"wp:term":[{"taxonomy":"product_cat","embeddable":true,"href":"https:\/\/www.hapy-com.fr\/echoppe\/wp-json\/wp\/v2\/product_cat?post=16966"},{"taxonomy":"product_tag","embeddable":true,"href":"https:\/\/www.hapy-com.fr\/echoppe\/wp-json\/wp\/v2\/product_tag?post=16966"}],"curies":[{"name":"wp","href":"https:\/\/api.w.org\/{rel}","templated":true}]}}