{"id":16975,"date":"2022-06-24T12:46:07","date_gmt":"2022-06-24T10:46:07","guid":{"rendered":"http:\/\/www.hapy-com.fr\/echoppe\/product\/visiere-sunday-3\/"},"modified":"2022-07-05T21:26:48","modified_gmt":"2022-07-05T19:26:48","slug":"visiere-sunday-3","status":"publish","type":"product","link":"https:\/\/www.hapy-com.fr\/echoppe\/product\/visiere-sunday-3\/","title":{"rendered":"Visi\u00e8re Sunday"},"content":{"rendered":"<p>Visi\u00e8re originale en EVA aux couleurs vives. Fermeture par cordon \u00e9lastique torsad\u00e9 r\u00e9glable.<\/p>\n","protected":false},"excerpt":{"rendered":"<p>Visi\u00e8re originale en EVA aux couleurs vives. Fermeture par cordon \u00e9lastique torsad\u00e9 r\u00e9glable.<\/p>\n","protected":false},"featured_media":16974,"template":"","meta":[],"product_cat":[446,356],"product_tag":[],"class_list":{"0":"post-16975","1":"product","2":"type-product","3":"status-publish","4":"has-post-thumbnail","6":"product_cat-casquette-et-visiere-casquettes-et-chapeaux","7":"product_cat-casquettes-et-chapeaux","9":"first","10":"instock","11":"shipping-taxable","12":"purchasable","13":"product-type-simple"},"_links":{"self":[{"href":"https:\/\/www.hapy-com.fr\/echoppe\/wp-json\/wp\/v2\/product\/16975","targetHints":{"allow":["GET"]}}],"collection":[{"href":"https:\/\/www.hapy-com.fr\/echoppe\/wp-json\/wp\/v2\/product"}],"about":[{"href":"https:\/\/www.hapy-com.fr\/echoppe\/wp-json\/wp\/v2\/types\/product"}],"wp:featuredmedia":[{"embeddable":true,"href":"https:\/\/www.hapy-com.fr\/echoppe\/wp-json\/wp\/v2\/media\/16974"}],"wp:attachment":[{"href":"https:\/\/www.hapy-com.fr\/echoppe\/wp-json\/wp\/v2\/media?parent=16975"}],"wp:term":[{"taxonomy":"product_cat","embeddable":true,"href":"https:\/\/www.hapy-com.fr\/echoppe\/wp-json\/wp\/v2\/product_cat?post=16975"},{"taxonomy":"product_tag","embeddable":true,"href":"https:\/\/www.hapy-com.fr\/echoppe\/wp-json\/wp\/v2\/product_tag?post=16975"}],"curies":[{"name":"wp","href":"https:\/\/api.w.org\/{rel}","templated":true}]}}