{"id":17000,"date":"2022-06-24T12:46:26","date_gmt":"2022-06-24T10:46:26","guid":{"rendered":"http:\/\/www.hapy-com.fr\/echoppe\/product\/set-figgy\/"},"modified":"2022-07-05T21:44:39","modified_gmt":"2022-07-05T19:44:39","slug":"set-figgy","status":"publish","type":"product","link":"https:\/\/www.hapy-com.fr\/echoppe\/product\/set-figgy\/","title":{"rendered":"Set Figgy"},"content":{"rendered":"<p>Ensemble de 8 pi\u00e8ces dans une bo\u00eete en carton avec finition naturelle et fen\u00eatre. Comprend bloc papier avec dessins \u00e0 colorier, un taille-crayon et 6 crayons en bois avec corps cylindrique et mines de diff\u00e9rentes couleurs.<\/p>\n","protected":false},"excerpt":{"rendered":"<p>Ensemble de 8 pi\u00e8ces dans une bo\u00eete en carton avec finition naturelle et fen\u00eatre. Comprend bloc papier avec dessins \u00e0 colorier, un taille-crayon et 6 crayons en bois avec corps&#8230;<\/p>\n","protected":false},"featured_media":16999,"template":"","meta":[],"product_cat":[357,458],"product_tag":[],"class_list":{"0":"post-17000","1":"product","2":"type-product","3":"status-publish","4":"has-post-thumbnail","6":"product_cat-eco-friendly","7":"product_cat-set","9":"first","10":"instock","11":"shipping-taxable","12":"purchasable","13":"product-type-simple"},"_links":{"self":[{"href":"https:\/\/www.hapy-com.fr\/echoppe\/wp-json\/wp\/v2\/product\/17000","targetHints":{"allow":["GET"]}}],"collection":[{"href":"https:\/\/www.hapy-com.fr\/echoppe\/wp-json\/wp\/v2\/product"}],"about":[{"href":"https:\/\/www.hapy-com.fr\/echoppe\/wp-json\/wp\/v2\/types\/product"}],"wp:featuredmedia":[{"embeddable":true,"href":"https:\/\/www.hapy-com.fr\/echoppe\/wp-json\/wp\/v2\/media\/16999"}],"wp:attachment":[{"href":"https:\/\/www.hapy-com.fr\/echoppe\/wp-json\/wp\/v2\/media?parent=17000"}],"wp:term":[{"taxonomy":"product_cat","embeddable":true,"href":"https:\/\/www.hapy-com.fr\/echoppe\/wp-json\/wp\/v2\/product_cat?post=17000"},{"taxonomy":"product_tag","embeddable":true,"href":"https:\/\/www.hapy-com.fr\/echoppe\/wp-json\/wp\/v2\/product_tag?post=17000"}],"curies":[{"name":"wp","href":"https:\/\/api.w.org\/{rel}","templated":true}]}}