{"id":17011,"date":"2022-06-24T12:46:37","date_gmt":"2022-06-24T10:46:37","guid":{"rendered":"http:\/\/www.hapy-com.fr\/echoppe\/product\/puzzle-sutrox\/"},"modified":"2022-06-24T12:46:37","modified_gmt":"2022-06-24T10:46:37","slug":"puzzle-sutrox","status":"publish","type":"product","link":"https:\/\/www.hapy-com.fr\/echoppe\/product\/puzzle-sutrox\/","title":{"rendered":"Puzzle Sutrox"},"content":{"rendered":"<p>Puzzle en bois de 9 pi\u00e8ces compl\u00e8tement personnalisable pour d\u00e9velopper le talent et l\u00b4adresse des plus petits.<\/p>\n","protected":false},"excerpt":{"rendered":"<p>Puzzle en bois de 9 pi\u00e8ces compl\u00e8tement personnalisable pour d\u00e9velopper le talent et l\u00b4adresse des plus petits.<\/p>\n","protected":false},"featured_media":17009,"template":"","meta":[],"product_cat":[357],"product_tag":[],"class_list":{"0":"post-17011","1":"product","2":"type-product","3":"status-publish","4":"has-post-thumbnail","6":"product_cat-eco-friendly","8":"first","9":"instock","10":"shipping-taxable","11":"purchasable","12":"product-type-simple"},"_links":{"self":[{"href":"https:\/\/www.hapy-com.fr\/echoppe\/wp-json\/wp\/v2\/product\/17011","targetHints":{"allow":["GET"]}}],"collection":[{"href":"https:\/\/www.hapy-com.fr\/echoppe\/wp-json\/wp\/v2\/product"}],"about":[{"href":"https:\/\/www.hapy-com.fr\/echoppe\/wp-json\/wp\/v2\/types\/product"}],"wp:featuredmedia":[{"embeddable":true,"href":"https:\/\/www.hapy-com.fr\/echoppe\/wp-json\/wp\/v2\/media\/17009"}],"wp:attachment":[{"href":"https:\/\/www.hapy-com.fr\/echoppe\/wp-json\/wp\/v2\/media?parent=17011"}],"wp:term":[{"taxonomy":"product_cat","embeddable":true,"href":"https:\/\/www.hapy-com.fr\/echoppe\/wp-json\/wp\/v2\/product_cat?post=17011"},{"taxonomy":"product_tag","embeddable":true,"href":"https:\/\/www.hapy-com.fr\/echoppe\/wp-json\/wp\/v2\/product_tag?post=17011"}],"curies":[{"name":"wp","href":"https:\/\/api.w.org\/{rel}","templated":true}]}}