{"id":17018,"date":"2022-06-24T12:46:43","date_gmt":"2022-06-24T10:46:43","guid":{"rendered":"http:\/\/www.hapy-com.fr\/echoppe\/product\/sac-holfox-2\/"},"modified":"2022-07-05T21:44:00","modified_gmt":"2022-07-05T19:44:00","slug":"sac-holfox-2","status":"publish","type":"product","link":"https:\/\/www.hapy-com.fr\/echoppe\/product\/sac-holfox-2\/","title":{"rendered":"Sac Holfox"},"content":{"rendered":"<p>Sac shopping en polyester bicolore avec corps en coloris naturel et anses disponibles en plusieurs coloris. Sac avec soufflet et longues anses renforc\u00e9es par des \u0153illets m\u00e9talliques. Finition cousue. R\u00e9sistance jusqu\u00b4\u00e0 9 kg.<\/p>\n","protected":false},"excerpt":{"rendered":"<p>Sac shopping en polyester bicolore avec corps en coloris naturel et anses disponibles en plusieurs coloris. Sac avec soufflet et longues anses renforc\u00e9es par des \u0153illets m\u00e9talliques. Finition cousue. R\u00e9sistance&#8230;<\/p>\n","protected":false},"featured_media":17017,"template":"","meta":[],"product_cat":[357,457],"product_tag":[],"class_list":{"0":"post-17018","1":"product","2":"type-product","3":"status-publish","4":"has-post-thumbnail","6":"product_cat-eco-friendly","7":"product_cat-sac","9":"first","10":"instock","11":"shipping-taxable","12":"purchasable","13":"product-type-simple"},"_links":{"self":[{"href":"https:\/\/www.hapy-com.fr\/echoppe\/wp-json\/wp\/v2\/product\/17018","targetHints":{"allow":["GET"]}}],"collection":[{"href":"https:\/\/www.hapy-com.fr\/echoppe\/wp-json\/wp\/v2\/product"}],"about":[{"href":"https:\/\/www.hapy-com.fr\/echoppe\/wp-json\/wp\/v2\/types\/product"}],"wp:featuredmedia":[{"embeddable":true,"href":"https:\/\/www.hapy-com.fr\/echoppe\/wp-json\/wp\/v2\/media\/17017"}],"wp:attachment":[{"href":"https:\/\/www.hapy-com.fr\/echoppe\/wp-json\/wp\/v2\/media?parent=17018"}],"wp:term":[{"taxonomy":"product_cat","embeddable":true,"href":"https:\/\/www.hapy-com.fr\/echoppe\/wp-json\/wp\/v2\/product_cat?post=17018"},{"taxonomy":"product_tag","embeddable":true,"href":"https:\/\/www.hapy-com.fr\/echoppe\/wp-json\/wp\/v2\/product_tag?post=17018"}],"curies":[{"name":"wp","href":"https:\/\/api.w.org\/{rel}","templated":true}]}}