{"id":17046,"date":"2022-06-24T12:47:08","date_gmt":"2022-06-24T10:47:08","guid":{"rendered":"http:\/\/www.hapy-com.fr\/echoppe\/product\/parapluie-bonaf\/"},"modified":"2022-07-05T21:38:20","modified_gmt":"2022-07-05T19:38:20","slug":"parapluie-bonaf","status":"publish","type":"product","link":"https:\/\/www.hapy-com.fr\/echoppe\/product\/parapluie-bonaf\/","title":{"rendered":"Parapluie Bonaf"},"content":{"rendered":"<p>Parapluie \u00e9co-friendly de 105cm de diam\u00e8tre. Fabriqu\u00e9 en 190T RPET (plastique recycl\u00e9) pour encourager la r\u00e9utilisation des d\u00e9chets plastique et contribuer \u00e0 la sauvegarde de la plan\u00e8te. Automatique. Armatures en m\u00e9tal. Manche et canne en bois.<\/p>\n","protected":false},"excerpt":{"rendered":"<p>Parapluie \u00e9co-friendly de 105cm de diam\u00e8tre. Fabriqu\u00e9 en 190T RPET (plastique recycl\u00e9) pour encourager la r\u00e9utilisation des d\u00e9chets plastique et contribuer \u00e0 la sauvegarde de la plan\u00e8te. Automatique. Armatures en&#8230;<\/p>\n","protected":false},"featured_media":17044,"template":"","meta":[],"product_cat":[357,453],"product_tag":[],"class_list":{"0":"post-17046","1":"product","2":"type-product","3":"status-publish","4":"has-post-thumbnail","6":"product_cat-eco-friendly","7":"product_cat-parapluie","9":"first","10":"instock","11":"shipping-taxable","12":"purchasable","13":"product-type-simple"},"_links":{"self":[{"href":"https:\/\/www.hapy-com.fr\/echoppe\/wp-json\/wp\/v2\/product\/17046","targetHints":{"allow":["GET"]}}],"collection":[{"href":"https:\/\/www.hapy-com.fr\/echoppe\/wp-json\/wp\/v2\/product"}],"about":[{"href":"https:\/\/www.hapy-com.fr\/echoppe\/wp-json\/wp\/v2\/types\/product"}],"wp:featuredmedia":[{"embeddable":true,"href":"https:\/\/www.hapy-com.fr\/echoppe\/wp-json\/wp\/v2\/media\/17044"}],"wp:attachment":[{"href":"https:\/\/www.hapy-com.fr\/echoppe\/wp-json\/wp\/v2\/media?parent=17046"}],"wp:term":[{"taxonomy":"product_cat","embeddable":true,"href":"https:\/\/www.hapy-com.fr\/echoppe\/wp-json\/wp\/v2\/product_cat?post=17046"},{"taxonomy":"product_tag","embeddable":true,"href":"https:\/\/www.hapy-com.fr\/echoppe\/wp-json\/wp\/v2\/product_tag?post=17046"}],"curies":[{"name":"wp","href":"https:\/\/api.w.org\/{rel}","templated":true}]}}