{"id":17058,"date":"2022-06-24T12:47:17","date_gmt":"2022-06-24T10:47:17","guid":{"rendered":"http:\/\/www.hapy-com.fr\/echoppe\/product\/yoyo-runux\/"},"modified":"2022-06-24T12:47:17","modified_gmt":"2022-06-24T10:47:17","slug":"yoyo-runux","status":"publish","type":"product","link":"https:\/\/www.hapy-com.fr\/echoppe\/product\/yoyo-runux\/","title":{"rendered":"Yoyo Runux"},"content":{"rendered":"<p>Yoy\u00f3 ligne nature en fibre de bambou, pour r\u00e9cup\u00e9rer les jeux classiques les plus amusants. Avec fil de coton boucl\u00e9 de couleur blanche de 100 cm.<\/p>\n","protected":false},"excerpt":{"rendered":"<p>Yoy\u00f3 ligne nature en fibre de bambou, pour r\u00e9cup\u00e9rer les jeux classiques les plus amusants. Avec fil de coton boucl\u00e9 de couleur blanche de 100 cm.<\/p>\n","protected":false},"featured_media":17056,"template":"","meta":[],"product_cat":[357],"product_tag":[],"class_list":{"0":"post-17058","1":"product","2":"type-product","3":"status-publish","4":"has-post-thumbnail","6":"product_cat-eco-friendly","8":"first","9":"instock","10":"shipping-taxable","11":"purchasable","12":"product-type-simple"},"_links":{"self":[{"href":"https:\/\/www.hapy-com.fr\/echoppe\/wp-json\/wp\/v2\/product\/17058","targetHints":{"allow":["GET"]}}],"collection":[{"href":"https:\/\/www.hapy-com.fr\/echoppe\/wp-json\/wp\/v2\/product"}],"about":[{"href":"https:\/\/www.hapy-com.fr\/echoppe\/wp-json\/wp\/v2\/types\/product"}],"wp:featuredmedia":[{"embeddable":true,"href":"https:\/\/www.hapy-com.fr\/echoppe\/wp-json\/wp\/v2\/media\/17056"}],"wp:attachment":[{"href":"https:\/\/www.hapy-com.fr\/echoppe\/wp-json\/wp\/v2\/media?parent=17058"}],"wp:term":[{"taxonomy":"product_cat","embeddable":true,"href":"https:\/\/www.hapy-com.fr\/echoppe\/wp-json\/wp\/v2\/product_cat?post=17058"},{"taxonomy":"product_tag","embeddable":true,"href":"https:\/\/www.hapy-com.fr\/echoppe\/wp-json\/wp\/v2\/product_tag?post=17058"}],"curies":[{"name":"wp","href":"https:\/\/api.w.org\/{rel}","templated":true}]}}