{"id":17067,"date":"2022-06-24T12:47:27","date_gmt":"2022-06-24T10:47:27","guid":{"rendered":"http:\/\/www.hapy-com.fr\/echoppe\/product\/casquette-zonner\/"},"modified":"2022-07-05T21:25:27","modified_gmt":"2022-07-05T19:25:27","slug":"casquette-zonner","status":"publish","type":"product","link":"https:\/\/www.hapy-com.fr\/echoppe\/product\/casquette-zonner\/","title":{"rendered":"Casquette Zonner"},"content":{"rendered":"<p>Casquette de la collection Gamme \u00e9co-friendly. 5 panneaux. En coton 100% bio et certifi\u00e9 GOTS, coloris natuel. Avec fermeture velcro r\u00e9glable et petits troux d\u00b4a\u00e9rations brod\u00e9s. \u00c9tiquette label mati\u00e8re Coton organique pour v\u00e9hiculer une image \u00e9co-friendly.<\/p>\n","protected":false},"excerpt":{"rendered":"<p>Casquette de la collection Gamme \u00e9co-friendly. 5 panneaux. En coton 100% bio et certifi\u00e9 GOTS, coloris natuel. Avec fermeture velcro r\u00e9glable et petits troux d\u00b4a\u00e9rations brod\u00e9s. \u00c9tiquette label mati\u00e8re Coton&#8230;<\/p>\n","protected":false},"featured_media":17065,"template":"","meta":[],"product_cat":[446,357],"product_tag":[],"class_list":{"0":"post-17067","1":"product","2":"type-product","3":"status-publish","4":"has-post-thumbnail","6":"product_cat-casquette-et-visiere-casquettes-et-chapeaux","7":"product_cat-eco-friendly","9":"first","10":"instock","11":"shipping-taxable","12":"purchasable","13":"product-type-simple"},"_links":{"self":[{"href":"https:\/\/www.hapy-com.fr\/echoppe\/wp-json\/wp\/v2\/product\/17067","targetHints":{"allow":["GET"]}}],"collection":[{"href":"https:\/\/www.hapy-com.fr\/echoppe\/wp-json\/wp\/v2\/product"}],"about":[{"href":"https:\/\/www.hapy-com.fr\/echoppe\/wp-json\/wp\/v2\/types\/product"}],"wp:featuredmedia":[{"embeddable":true,"href":"https:\/\/www.hapy-com.fr\/echoppe\/wp-json\/wp\/v2\/media\/17065"}],"wp:attachment":[{"href":"https:\/\/www.hapy-com.fr\/echoppe\/wp-json\/wp\/v2\/media?parent=17067"}],"wp:term":[{"taxonomy":"product_cat","embeddable":true,"href":"https:\/\/www.hapy-com.fr\/echoppe\/wp-json\/wp\/v2\/product_cat?post=17067"},{"taxonomy":"product_tag","embeddable":true,"href":"https:\/\/www.hapy-com.fr\/echoppe\/wp-json\/wp\/v2\/product_tag?post=17067"}],"curies":[{"name":"wp","href":"https:\/\/api.w.org\/{rel}","templated":true}]}}