{"id":17074,"date":"2022-06-24T12:47:33","date_gmt":"2022-06-24T10:47:33","guid":{"rendered":"http:\/\/www.hapy-com.fr\/echoppe\/product\/pareo-serviette-yistal-3\/"},"modified":"2022-06-24T12:47:33","modified_gmt":"2022-06-24T10:47:33","slug":"pareo-serviette-yistal-3","status":"publish","type":"product","link":"https:\/\/www.hapy-com.fr\/echoppe\/product\/pareo-serviette-yistal-3\/","title":{"rendered":"Par\u00e9o Serviette Yistal"},"content":{"rendered":"<p>Pareo serviette 2 en 1 en coton bio, 100% coton bio certifi\u00e9 GOTS, de 110g \/m2, d\u00b4une dimension de 180 x 90 cm et disponible dans une large gamme de couleurs combin\u00e9es. \u00c9tiquette label mati\u00e8re Coton organique pour v\u00e9hiculer une image \u00e9co-friendly. *Pour les commandes avec impression, le co\u00fbt du marquage doit \u00eatre major\u00e9 de + 0,20 \/ unit\u00e9 pour traitement sp\u00e9cial.*<\/p>\n","protected":false},"excerpt":{"rendered":"<p>Pareo serviette 2 en 1 en coton bio, 100% coton bio certifi\u00e9 GOTS, de 110g \/m2, d\u00b4une dimension de 180 x 90 cm et disponible dans une large gamme de&#8230;<\/p>\n","protected":false},"featured_media":17073,"template":"","meta":[],"product_cat":[357],"product_tag":[],"class_list":{"0":"post-17074","1":"product","2":"type-product","3":"status-publish","4":"has-post-thumbnail","6":"product_cat-eco-friendly","8":"first","9":"instock","10":"shipping-taxable","11":"purchasable","12":"product-type-simple"},"_links":{"self":[{"href":"https:\/\/www.hapy-com.fr\/echoppe\/wp-json\/wp\/v2\/product\/17074","targetHints":{"allow":["GET"]}}],"collection":[{"href":"https:\/\/www.hapy-com.fr\/echoppe\/wp-json\/wp\/v2\/product"}],"about":[{"href":"https:\/\/www.hapy-com.fr\/echoppe\/wp-json\/wp\/v2\/types\/product"}],"wp:featuredmedia":[{"embeddable":true,"href":"https:\/\/www.hapy-com.fr\/echoppe\/wp-json\/wp\/v2\/media\/17073"}],"wp:attachment":[{"href":"https:\/\/www.hapy-com.fr\/echoppe\/wp-json\/wp\/v2\/media?parent=17074"}],"wp:term":[{"taxonomy":"product_cat","embeddable":true,"href":"https:\/\/www.hapy-com.fr\/echoppe\/wp-json\/wp\/v2\/product_cat?post=17074"},{"taxonomy":"product_tag","embeddable":true,"href":"https:\/\/www.hapy-com.fr\/echoppe\/wp-json\/wp\/v2\/product_tag?post=17074"}],"curies":[{"name":"wp","href":"https:\/\/api.w.org\/{rel}","templated":true}]}}