{"id":17079,"date":"2022-06-24T12:47:37","date_gmt":"2022-06-24T10:47:37","guid":{"rendered":"http:\/\/www.hapy-com.fr\/echoppe\/product\/eventail-woter\/"},"modified":"2022-06-24T12:47:37","modified_gmt":"2022-06-24T10:47:37","slug":"eventail-woter","status":"publish","type":"product","link":"https:\/\/www.hapy-com.fr\/echoppe\/product\/eventail-woter\/","title":{"rendered":"\u00c9ventail Woter"},"content":{"rendered":"<p>Ventilateur  avec des nervures en bois et un tissu en mat\u00e9riau RPET, obtenu \u00e0 partir de mati\u00e8res plastiques recycl\u00e9es. Pr\u00e9sent\u00e9 dans une bo\u00eete individuelle \u00e9co-con\u00e7ue.<\/p>\n","protected":false},"excerpt":{"rendered":"<p>Ventilateur avec des nervures en bois et un tissu en mat\u00e9riau RPET, obtenu \u00e0 partir de mati\u00e8res plastiques recycl\u00e9es. Pr\u00e9sent\u00e9 dans une bo\u00eete individuelle \u00e9co-con\u00e7ue.<\/p>\n","protected":false},"featured_media":17077,"template":"","meta":[],"product_cat":[357],"product_tag":[],"class_list":{"0":"post-17079","1":"product","2":"type-product","3":"status-publish","4":"has-post-thumbnail","6":"product_cat-eco-friendly","8":"first","9":"instock","10":"shipping-taxable","11":"purchasable","12":"product-type-simple"},"_links":{"self":[{"href":"https:\/\/www.hapy-com.fr\/echoppe\/wp-json\/wp\/v2\/product\/17079","targetHints":{"allow":["GET"]}}],"collection":[{"href":"https:\/\/www.hapy-com.fr\/echoppe\/wp-json\/wp\/v2\/product"}],"about":[{"href":"https:\/\/www.hapy-com.fr\/echoppe\/wp-json\/wp\/v2\/types\/product"}],"wp:featuredmedia":[{"embeddable":true,"href":"https:\/\/www.hapy-com.fr\/echoppe\/wp-json\/wp\/v2\/media\/17077"}],"wp:attachment":[{"href":"https:\/\/www.hapy-com.fr\/echoppe\/wp-json\/wp\/v2\/media?parent=17079"}],"wp:term":[{"taxonomy":"product_cat","embeddable":true,"href":"https:\/\/www.hapy-com.fr\/echoppe\/wp-json\/wp\/v2\/product_cat?post=17079"},{"taxonomy":"product_tag","embeddable":true,"href":"https:\/\/www.hapy-com.fr\/echoppe\/wp-json\/wp\/v2\/product_tag?post=17079"}],"curies":[{"name":"wp","href":"https:\/\/api.w.org\/{rel}","templated":true}]}}