{"id":17082,"date":"2022-06-24T12:47:39","date_gmt":"2022-06-24T10:47:39","guid":{"rendered":"http:\/\/www.hapy-com.fr\/echoppe\/product\/necessaire-yinbex\/"},"modified":"2022-06-24T12:47:39","modified_gmt":"2022-06-24T10:47:39","slug":"necessaire-yinbex","status":"publish","type":"product","link":"https:\/\/www.hapy-com.fr\/echoppe\/product\/necessaire-yinbex\/","title":{"rendered":"N\u00e9cessaire Yinbex"},"content":{"rendered":"<p>Trousse de toilette Gamme \u00e9co-friendly en li\u00e8ge naturel. Avec fermeture \u00e9clair et poign\u00e9e en li\u00e8ge assortie.<\/p>\n","protected":false},"excerpt":{"rendered":"<p>Trousse de toilette Gamme \u00e9co-friendly en li\u00e8ge naturel. Avec fermeture \u00e9clair et poign\u00e9e en li\u00e8ge assortie.<\/p>\n","protected":false},"featured_media":17080,"template":"","meta":[],"product_cat":[357],"product_tag":[],"class_list":{"0":"post-17082","1":"product","2":"type-product","3":"status-publish","4":"has-post-thumbnail","6":"product_cat-eco-friendly","8":"first","9":"instock","10":"shipping-taxable","11":"purchasable","12":"product-type-simple"},"_links":{"self":[{"href":"https:\/\/www.hapy-com.fr\/echoppe\/wp-json\/wp\/v2\/product\/17082","targetHints":{"allow":["GET"]}}],"collection":[{"href":"https:\/\/www.hapy-com.fr\/echoppe\/wp-json\/wp\/v2\/product"}],"about":[{"href":"https:\/\/www.hapy-com.fr\/echoppe\/wp-json\/wp\/v2\/types\/product"}],"wp:featuredmedia":[{"embeddable":true,"href":"https:\/\/www.hapy-com.fr\/echoppe\/wp-json\/wp\/v2\/media\/17080"}],"wp:attachment":[{"href":"https:\/\/www.hapy-com.fr\/echoppe\/wp-json\/wp\/v2\/media?parent=17082"}],"wp:term":[{"taxonomy":"product_cat","embeddable":true,"href":"https:\/\/www.hapy-com.fr\/echoppe\/wp-json\/wp\/v2\/product_cat?post=17082"},{"taxonomy":"product_tag","embeddable":true,"href":"https:\/\/www.hapy-com.fr\/echoppe\/wp-json\/wp\/v2\/product_tag?post=17082"}],"curies":[{"name":"wp","href":"https:\/\/api.w.org\/{rel}","templated":true}]}}