{"id":17085,"date":"2022-06-24T12:47:42","date_gmt":"2022-06-24T10:47:42","guid":{"rendered":"http:\/\/www.hapy-com.fr\/echoppe\/product\/eventail-kasol\/"},"modified":"2022-06-24T12:47:42","modified_gmt":"2022-06-24T10:47:42","slug":"eventail-kasol","status":"publish","type":"product","link":"https:\/\/www.hapy-com.fr\/echoppe\/product\/eventail-kasol\/","title":{"rendered":"\u00c9ventail Kasol"},"content":{"rendered":"<p>\u00c9ventail nature, avec  tige en bois et un tissu en li\u00e8ge naturel. Pr\u00e9sent\u00e9 dans un coffret \u00e9co design individuel.<\/p>\n","protected":false},"excerpt":{"rendered":"<p>\u00c9ventail nature, avec tige en bois et un tissu en li\u00e8ge naturel. Pr\u00e9sent\u00e9 dans un coffret \u00e9co design individuel.<\/p>\n","protected":false},"featured_media":17083,"template":"","meta":[],"product_cat":[357],"product_tag":[],"class_list":{"0":"post-17085","1":"product","2":"type-product","3":"status-publish","4":"has-post-thumbnail","6":"product_cat-eco-friendly","8":"first","9":"instock","10":"shipping-taxable","11":"purchasable","12":"product-type-simple"},"_links":{"self":[{"href":"https:\/\/www.hapy-com.fr\/echoppe\/wp-json\/wp\/v2\/product\/17085","targetHints":{"allow":["GET"]}}],"collection":[{"href":"https:\/\/www.hapy-com.fr\/echoppe\/wp-json\/wp\/v2\/product"}],"about":[{"href":"https:\/\/www.hapy-com.fr\/echoppe\/wp-json\/wp\/v2\/types\/product"}],"wp:featuredmedia":[{"embeddable":true,"href":"https:\/\/www.hapy-com.fr\/echoppe\/wp-json\/wp\/v2\/media\/17083"}],"wp:attachment":[{"href":"https:\/\/www.hapy-com.fr\/echoppe\/wp-json\/wp\/v2\/media?parent=17085"}],"wp:term":[{"taxonomy":"product_cat","embeddable":true,"href":"https:\/\/www.hapy-com.fr\/echoppe\/wp-json\/wp\/v2\/product_cat?post=17085"},{"taxonomy":"product_tag","embeddable":true,"href":"https:\/\/www.hapy-com.fr\/echoppe\/wp-json\/wp\/v2\/product_tag?post=17085"}],"curies":[{"name":"wp","href":"https:\/\/api.w.org\/{rel}","templated":true}]}}