{"id":17088,"date":"2022-06-24T12:47:45","date_gmt":"2022-06-24T10:47:45","guid":{"rendered":"http:\/\/www.hapy-com.fr\/echoppe\/product\/miroir-gradiox\/"},"modified":"2022-07-05T21:37:53","modified_gmt":"2022-07-05T19:37:53","slug":"miroir-gradiox","status":"publish","type":"product","link":"https:\/\/www.hapy-com.fr\/echoppe\/product\/miroir-gradiox\/","title":{"rendered":"Miroir Gradiox"},"content":{"rendered":"<p>Miroir de poche de la gamme \u00e9co-friendly en paille de bl\u00e9, afin de favoriser l\u00b4utilisation de mati\u00e8res premi\u00e8res naturelles et de r\u00e9duire les \u00e9missions polluantes. Ouverture et fermeture rotatives. 1X.<\/p>\n","protected":false},"excerpt":{"rendered":"<p>Miroir de poche de la gamme \u00e9co-friendly en paille de bl\u00e9, afin de favoriser l\u00b4utilisation de mati\u00e8res premi\u00e8res naturelles et de r\u00e9duire les \u00e9missions polluantes. Ouverture et fermeture rotatives. 1X.<\/p>\n","protected":false},"featured_media":17086,"template":"","meta":[],"product_cat":[357,452],"product_tag":[],"class_list":{"0":"post-17088","1":"product","2":"type-product","3":"status-publish","4":"has-post-thumbnail","6":"product_cat-eco-friendly","7":"product_cat-miroir","9":"first","10":"instock","11":"shipping-taxable","12":"purchasable","13":"product-type-simple"},"_links":{"self":[{"href":"https:\/\/www.hapy-com.fr\/echoppe\/wp-json\/wp\/v2\/product\/17088","targetHints":{"allow":["GET"]}}],"collection":[{"href":"https:\/\/www.hapy-com.fr\/echoppe\/wp-json\/wp\/v2\/product"}],"about":[{"href":"https:\/\/www.hapy-com.fr\/echoppe\/wp-json\/wp\/v2\/types\/product"}],"wp:featuredmedia":[{"embeddable":true,"href":"https:\/\/www.hapy-com.fr\/echoppe\/wp-json\/wp\/v2\/media\/17086"}],"wp:attachment":[{"href":"https:\/\/www.hapy-com.fr\/echoppe\/wp-json\/wp\/v2\/media?parent=17088"}],"wp:term":[{"taxonomy":"product_cat","embeddable":true,"href":"https:\/\/www.hapy-com.fr\/echoppe\/wp-json\/wp\/v2\/product_cat?post=17088"},{"taxonomy":"product_tag","embeddable":true,"href":"https:\/\/www.hapy-com.fr\/echoppe\/wp-json\/wp\/v2\/product_tag?post=17088"}],"curies":[{"name":"wp","href":"https:\/\/api.w.org\/{rel}","templated":true}]}}