{"id":17091,"date":"2022-06-24T12:47:47","date_gmt":"2022-06-24T10:47:47","guid":{"rendered":"http:\/\/www.hapy-com.fr\/echoppe\/product\/brosse-dantel\/"},"modified":"2022-06-24T12:47:47","modified_gmt":"2022-06-24T10:47:47","slug":"brosse-dantel","status":"publish","type":"product","link":"https:\/\/www.hapy-com.fr\/echoppe\/product\/brosse-dantel\/","title":{"rendered":"Brosse Dantel"},"content":{"rendered":"<p>Brosse de la gamme \u00e9co-friendly en paille de bl\u00e9, afin de favoriser l\u00b4utilisation de mati\u00e8res premi\u00e8res naturelles et de r\u00e9duire les \u00e9missions polluantes. Avec une large surface de marquage de poign\u00e9e.<\/p>\n","protected":false},"excerpt":{"rendered":"<p>Brosse de la gamme \u00e9co-friendly en paille de bl\u00e9, afin de favoriser l\u00b4utilisation de mati\u00e8res premi\u00e8res naturelles et de r\u00e9duire les \u00e9missions polluantes. Avec une large surface de marquage de&#8230;<\/p>\n","protected":false},"featured_media":17089,"template":"","meta":[],"product_cat":[357],"product_tag":[],"class_list":{"0":"post-17091","1":"product","2":"type-product","3":"status-publish","4":"has-post-thumbnail","6":"product_cat-eco-friendly","8":"first","9":"instock","10":"shipping-taxable","11":"purchasable","12":"product-type-simple"},"_links":{"self":[{"href":"https:\/\/www.hapy-com.fr\/echoppe\/wp-json\/wp\/v2\/product\/17091","targetHints":{"allow":["GET"]}}],"collection":[{"href":"https:\/\/www.hapy-com.fr\/echoppe\/wp-json\/wp\/v2\/product"}],"about":[{"href":"https:\/\/www.hapy-com.fr\/echoppe\/wp-json\/wp\/v2\/types\/product"}],"wp:featuredmedia":[{"embeddable":true,"href":"https:\/\/www.hapy-com.fr\/echoppe\/wp-json\/wp\/v2\/media\/17089"}],"wp:attachment":[{"href":"https:\/\/www.hapy-com.fr\/echoppe\/wp-json\/wp\/v2\/media?parent=17091"}],"wp:term":[{"taxonomy":"product_cat","embeddable":true,"href":"https:\/\/www.hapy-com.fr\/echoppe\/wp-json\/wp\/v2\/product_cat?post=17091"},{"taxonomy":"product_tag","embeddable":true,"href":"https:\/\/www.hapy-com.fr\/echoppe\/wp-json\/wp\/v2\/product_tag?post=17091"}],"curies":[{"name":"wp","href":"https:\/\/api.w.org\/{rel}","templated":true}]}}