{"id":17102,"date":"2022-06-24T12:47:55","date_gmt":"2022-06-24T10:47:55","guid":{"rendered":"http:\/\/www.hapy-com.fr\/echoppe\/product\/t-shirt-adulte-keya-organic-natural-3\/"},"modified":"2022-07-05T21:48:44","modified_gmt":"2022-07-05T19:48:44","slug":"t-shirt-adulte-keya-organic-natural-3","status":"publish","type":"product","link":"https:\/\/www.hapy-com.fr\/echoppe\/product\/t-shirt-adulte-keya-organic-natural-3\/","title":{"rendered":"T-Shirt Adulte \u00ab\u00a0keya\u00a0\u00bb Organic Natural"},"content":{"rendered":"<p>T-shirt Keya Organic MC 150 pour adulte, 100% coton bio, jersey simple 150g \/ m2. Couleur naturelle et disponible dans les tailles S, M, L, XL, XXL. \u00c9tiquette label mati\u00e8re Coton organique pour v\u00e9hiculer une image \u00e9co-friendly.<\/p>\n","protected":false},"excerpt":{"rendered":"<p>T-shirt Keya Organic MC 150 pour adulte, 100% coton bio, jersey simple 150g \/ m2. Couleur naturelle et disponible dans les tailles S, M, L, XL, XXL. \u00c9tiquette label mati\u00e8re&#8230;<\/p>\n","protected":false},"featured_media":17098,"template":"","meta":[],"product_cat":[357,460],"product_tag":[],"class_list":{"0":"post-17102","1":"product","2":"type-product","3":"status-publish","4":"has-post-thumbnail","6":"product_cat-eco-friendly","7":"product_cat-t-shirt","9":"first","10":"instock","11":"shipping-taxable","12":"purchasable","13":"product-type-simple"},"_links":{"self":[{"href":"https:\/\/www.hapy-com.fr\/echoppe\/wp-json\/wp\/v2\/product\/17102","targetHints":{"allow":["GET"]}}],"collection":[{"href":"https:\/\/www.hapy-com.fr\/echoppe\/wp-json\/wp\/v2\/product"}],"about":[{"href":"https:\/\/www.hapy-com.fr\/echoppe\/wp-json\/wp\/v2\/types\/product"}],"wp:featuredmedia":[{"embeddable":true,"href":"https:\/\/www.hapy-com.fr\/echoppe\/wp-json\/wp\/v2\/media\/17098"}],"wp:attachment":[{"href":"https:\/\/www.hapy-com.fr\/echoppe\/wp-json\/wp\/v2\/media?parent=17102"}],"wp:term":[{"taxonomy":"product_cat","embeddable":true,"href":"https:\/\/www.hapy-com.fr\/echoppe\/wp-json\/wp\/v2\/product_cat?post=17102"},{"taxonomy":"product_tag","embeddable":true,"href":"https:\/\/www.hapy-com.fr\/echoppe\/wp-json\/wp\/v2\/product_tag?post=17102"}],"curies":[{"name":"wp","href":"https:\/\/api.w.org\/{rel}","templated":true}]}}