{"id":17135,"date":"2022-06-24T12:48:10","date_gmt":"2022-06-24T10:48:10","guid":{"rendered":"http:\/\/www.hapy-com.fr\/echoppe\/product\/miroir-alunax\/"},"modified":"2022-07-05T21:37:53","modified_gmt":"2022-07-05T19:37:53","slug":"miroir-alunax","status":"publish","type":"product","link":"https:\/\/www.hapy-com.fr\/echoppe\/product\/miroir-alunax\/","title":{"rendered":"Miroir Alunax"},"content":{"rendered":"<p>Miroir pliant de ligne naturelle. En combinaison de mat\u00e9riaux naturels de li\u00e8ge et de m\u00e9tal chrom\u00e9. Deux miroirs int\u00e9rieurs : 1X\/2X. Pr\u00e9sent\u00e9 dans une bo\u00eete individuelle attrayante de design \u00e9cologique.<\/p>\n","protected":false},"excerpt":{"rendered":"<p>Miroir pliant de ligne naturelle. En combinaison de mat\u00e9riaux naturels de li\u00e8ge et de m\u00e9tal chrom\u00e9. Deux miroirs int\u00e9rieurs : 1X\/2X. Pr\u00e9sent\u00e9 dans une bo\u00eete individuelle attrayante de design \u00e9cologique.<\/p>\n","protected":false},"featured_media":17133,"template":"","meta":[],"product_cat":[357,452],"product_tag":[],"class_list":{"0":"post-17135","1":"product","2":"type-product","3":"status-publish","4":"has-post-thumbnail","6":"product_cat-eco-friendly","7":"product_cat-miroir","9":"first","10":"instock","11":"shipping-taxable","12":"purchasable","13":"product-type-simple"},"_links":{"self":[{"href":"https:\/\/www.hapy-com.fr\/echoppe\/wp-json\/wp\/v2\/product\/17135","targetHints":{"allow":["GET"]}}],"collection":[{"href":"https:\/\/www.hapy-com.fr\/echoppe\/wp-json\/wp\/v2\/product"}],"about":[{"href":"https:\/\/www.hapy-com.fr\/echoppe\/wp-json\/wp\/v2\/types\/product"}],"wp:featuredmedia":[{"embeddable":true,"href":"https:\/\/www.hapy-com.fr\/echoppe\/wp-json\/wp\/v2\/media\/17133"}],"wp:attachment":[{"href":"https:\/\/www.hapy-com.fr\/echoppe\/wp-json\/wp\/v2\/media?parent=17135"}],"wp:term":[{"taxonomy":"product_cat","embeddable":true,"href":"https:\/\/www.hapy-com.fr\/echoppe\/wp-json\/wp\/v2\/product_cat?post=17135"},{"taxonomy":"product_tag","embeddable":true,"href":"https:\/\/www.hapy-com.fr\/echoppe\/wp-json\/wp\/v2\/product_tag?post=17135"}],"curies":[{"name":"wp","href":"https:\/\/api.w.org\/{rel}","templated":true}]}}