{"id":17138,"date":"2022-06-24T12:48:13","date_gmt":"2022-06-24T10:48:13","guid":{"rendered":"http:\/\/www.hapy-com.fr\/echoppe\/product\/necessaire-halim\/"},"modified":"2022-06-24T12:48:13","modified_gmt":"2022-06-24T10:48:13","slug":"necessaire-halim","status":"publish","type":"product","link":"https:\/\/www.hapy-com.fr\/echoppe\/product\/necessaire-halim\/","title":{"rendered":"N\u00e9cessaire Halim"},"content":{"rendered":"<p>Trousse de ligne naturelle en combinaison de jute lamin\u00e9 et de coton naturel. Avec fermeture \u00e9clair et poign\u00e9e de jute pour correspondre.<\/p>\n","protected":false},"excerpt":{"rendered":"<p>Trousse de ligne naturelle en combinaison de jute lamin\u00e9 et de coton naturel. Avec fermeture \u00e9clair et poign\u00e9e de jute pour correspondre.<\/p>\n","protected":false},"featured_media":17136,"template":"","meta":[],"product_cat":[357],"product_tag":[],"class_list":{"0":"post-17138","1":"product","2":"type-product","3":"status-publish","4":"has-post-thumbnail","6":"product_cat-eco-friendly","8":"first","9":"instock","10":"shipping-taxable","11":"purchasable","12":"product-type-simple"},"_links":{"self":[{"href":"https:\/\/www.hapy-com.fr\/echoppe\/wp-json\/wp\/v2\/product\/17138","targetHints":{"allow":["GET"]}}],"collection":[{"href":"https:\/\/www.hapy-com.fr\/echoppe\/wp-json\/wp\/v2\/product"}],"about":[{"href":"https:\/\/www.hapy-com.fr\/echoppe\/wp-json\/wp\/v2\/types\/product"}],"wp:featuredmedia":[{"embeddable":true,"href":"https:\/\/www.hapy-com.fr\/echoppe\/wp-json\/wp\/v2\/media\/17136"}],"wp:attachment":[{"href":"https:\/\/www.hapy-com.fr\/echoppe\/wp-json\/wp\/v2\/media?parent=17138"}],"wp:term":[{"taxonomy":"product_cat","embeddable":true,"href":"https:\/\/www.hapy-com.fr\/echoppe\/wp-json\/wp\/v2\/product_cat?post=17138"},{"taxonomy":"product_tag","embeddable":true,"href":"https:\/\/www.hapy-com.fr\/echoppe\/wp-json\/wp\/v2\/product_tag?post=17138"}],"curies":[{"name":"wp","href":"https:\/\/api.w.org\/{rel}","templated":true}]}}