{"id":17141,"date":"2022-06-24T12:48:15","date_gmt":"2022-06-24T10:48:15","guid":{"rendered":"http:\/\/www.hapy-com.fr\/echoppe\/product\/necessaire-tays\/"},"modified":"2022-06-24T12:48:15","modified_gmt":"2022-06-24T10:48:15","slug":"necessaire-tays","status":"publish","type":"product","link":"https:\/\/www.hapy-com.fr\/echoppe\/product\/necessaire-tays\/","title":{"rendered":"N\u00e9cessaire Tays"},"content":{"rendered":"<p>Trousse de ligne naturelle en combinaison de jute lamin\u00e9 et de coton naturel. Avec fermeture \u00e9clair et poign\u00e9e de jute pour correspondre.<\/p>\n","protected":false},"excerpt":{"rendered":"<p>Trousse de ligne naturelle en combinaison de jute lamin\u00e9 et de coton naturel. Avec fermeture \u00e9clair et poign\u00e9e de jute pour correspondre.<\/p>\n","protected":false},"featured_media":17139,"template":"","meta":[],"product_cat":[357],"product_tag":[],"class_list":{"0":"post-17141","1":"product","2":"type-product","3":"status-publish","4":"has-post-thumbnail","6":"product_cat-eco-friendly","8":"first","9":"instock","10":"shipping-taxable","11":"purchasable","12":"product-type-simple"},"_links":{"self":[{"href":"https:\/\/www.hapy-com.fr\/echoppe\/wp-json\/wp\/v2\/product\/17141","targetHints":{"allow":["GET"]}}],"collection":[{"href":"https:\/\/www.hapy-com.fr\/echoppe\/wp-json\/wp\/v2\/product"}],"about":[{"href":"https:\/\/www.hapy-com.fr\/echoppe\/wp-json\/wp\/v2\/types\/product"}],"wp:featuredmedia":[{"embeddable":true,"href":"https:\/\/www.hapy-com.fr\/echoppe\/wp-json\/wp\/v2\/media\/17139"}],"wp:attachment":[{"href":"https:\/\/www.hapy-com.fr\/echoppe\/wp-json\/wp\/v2\/media?parent=17141"}],"wp:term":[{"taxonomy":"product_cat","embeddable":true,"href":"https:\/\/www.hapy-com.fr\/echoppe\/wp-json\/wp\/v2\/product_cat?post=17141"},{"taxonomy":"product_tag","embeddable":true,"href":"https:\/\/www.hapy-com.fr\/echoppe\/wp-json\/wp\/v2\/product_tag?post=17141"}],"curies":[{"name":"wp","href":"https:\/\/api.w.org\/{rel}","templated":true}]}}