{"id":17151,"date":"2022-06-24T12:48:24","date_gmt":"2022-06-24T10:48:24","guid":{"rendered":"http:\/\/www.hapy-com.fr\/echoppe\/product\/necessaire-halgar-3\/"},"modified":"2022-06-24T12:48:24","modified_gmt":"2022-06-24T10:48:24","slug":"necessaire-halgar-3","status":"publish","type":"product","link":"https:\/\/www.hapy-com.fr\/echoppe\/product\/necessaire-halgar-3\/","title":{"rendered":"N\u00e9cessaire Halgar"},"content":{"rendered":"<p>\u00c9tui de ligne naturelle en coton recycl\u00e9. Compartiment de fermeture \u00e0 glissi\u00e8re principal et ensemble de poign\u00e9e, avec l\u2019\u00e9tiquette recycl\u00e9e distinctive de coton.<\/p>\n","protected":false},"excerpt":{"rendered":"<p>\u00c9tui de ligne naturelle en coton recycl\u00e9. Compartiment de fermeture \u00e0 glissi\u00e8re principal et ensemble de poign\u00e9e, avec l\u2019\u00e9tiquette recycl\u00e9e distinctive de coton.<\/p>\n","protected":false},"featured_media":17150,"template":"","meta":[],"product_cat":[357],"product_tag":[],"class_list":{"0":"post-17151","1":"product","2":"type-product","3":"status-publish","4":"has-post-thumbnail","6":"product_cat-eco-friendly","8":"first","9":"instock","10":"shipping-taxable","11":"purchasable","12":"product-type-simple"},"_links":{"self":[{"href":"https:\/\/www.hapy-com.fr\/echoppe\/wp-json\/wp\/v2\/product\/17151","targetHints":{"allow":["GET"]}}],"collection":[{"href":"https:\/\/www.hapy-com.fr\/echoppe\/wp-json\/wp\/v2\/product"}],"about":[{"href":"https:\/\/www.hapy-com.fr\/echoppe\/wp-json\/wp\/v2\/types\/product"}],"wp:featuredmedia":[{"embeddable":true,"href":"https:\/\/www.hapy-com.fr\/echoppe\/wp-json\/wp\/v2\/media\/17150"}],"wp:attachment":[{"href":"https:\/\/www.hapy-com.fr\/echoppe\/wp-json\/wp\/v2\/media?parent=17151"}],"wp:term":[{"taxonomy":"product_cat","embeddable":true,"href":"https:\/\/www.hapy-com.fr\/echoppe\/wp-json\/wp\/v2\/product_cat?post=17151"},{"taxonomy":"product_tag","embeddable":true,"href":"https:\/\/www.hapy-com.fr\/echoppe\/wp-json\/wp\/v2\/product_tag?post=17151"}],"curies":[{"name":"wp","href":"https:\/\/api.w.org\/{rel}","templated":true}]}}