{"id":17162,"date":"2022-06-24T12:48:33","date_gmt":"2022-06-24T10:48:33","guid":{"rendered":"http:\/\/www.hapy-com.fr\/echoppe\/product\/bonnet-hetul-3\/"},"modified":"2022-07-05T20:57:58","modified_gmt":"2022-07-05T18:57:58","slug":"bonnet-hetul-3","status":"publish","type":"product","link":"https:\/\/www.hapy-com.fr\/echoppe\/product\/bonnet-hetul-3\/","title":{"rendered":"Bonnet Hetul"},"content":{"rendered":"<p>Bonnet de ligne naturelle doux et chaud en polyester RPET, fabriqu\u00e9 \u00e0 partir de plastique recycl\u00e9 pour promouvoir la r\u00e9utilisation des d\u00e9chets plastiques et contribuer \u00e0 la durabilit\u00e9 de la plan\u00e8te. Avec ourlet avant et disponible dans un large \u00e9ventail de couleurs. Badge RPET sur \u00e9tiquette ext\u00e9rieure.<\/p>\n","protected":false},"excerpt":{"rendered":"<p>Bonnet de ligne naturelle doux et chaud en polyester RPET, fabriqu\u00e9 \u00e0 partir de plastique recycl\u00e9 pour promouvoir la r\u00e9utilisation des d\u00e9chets plastiques et contribuer \u00e0 la durabilit\u00e9 de la&#8230;<\/p>\n","protected":false},"featured_media":17161,"template":"","meta":[],"product_cat":[443,357],"product_tag":[],"class_list":{"0":"post-17162","1":"product","2":"type-product","3":"status-publish","4":"has-post-thumbnail","6":"product_cat-bonnet","7":"product_cat-eco-friendly","9":"first","10":"instock","11":"shipping-taxable","12":"purchasable","13":"product-type-simple"},"_links":{"self":[{"href":"https:\/\/www.hapy-com.fr\/echoppe\/wp-json\/wp\/v2\/product\/17162","targetHints":{"allow":["GET"]}}],"collection":[{"href":"https:\/\/www.hapy-com.fr\/echoppe\/wp-json\/wp\/v2\/product"}],"about":[{"href":"https:\/\/www.hapy-com.fr\/echoppe\/wp-json\/wp\/v2\/types\/product"}],"wp:featuredmedia":[{"embeddable":true,"href":"https:\/\/www.hapy-com.fr\/echoppe\/wp-json\/wp\/v2\/media\/17161"}],"wp:attachment":[{"href":"https:\/\/www.hapy-com.fr\/echoppe\/wp-json\/wp\/v2\/media?parent=17162"}],"wp:term":[{"taxonomy":"product_cat","embeddable":true,"href":"https:\/\/www.hapy-com.fr\/echoppe\/wp-json\/wp\/v2\/product_cat?post=17162"},{"taxonomy":"product_tag","embeddable":true,"href":"https:\/\/www.hapy-com.fr\/echoppe\/wp-json\/wp\/v2\/product_tag?post=17162"}],"curies":[{"name":"wp","href":"https:\/\/api.w.org\/{rel}","templated":true}]}}