{"id":17169,"date":"2022-06-24T12:48:38","date_gmt":"2022-06-24T10:48:38","guid":{"rendered":"http:\/\/www.hapy-com.fr\/echoppe\/product\/gant-tactile-despil-3\/"},"modified":"2022-06-24T12:48:38","modified_gmt":"2022-06-24T10:48:38","slug":"gant-tactile-despil-3","status":"publish","type":"product","link":"https:\/\/www.hapy-com.fr\/echoppe\/product\/gant-tactile-despil-3\/","title":{"rendered":"Gant Tactile Despil"},"content":{"rendered":"<p>Paire de gants pratique de ligne naturelle pour appareils \u00e0 \u00e9cran tactile. Finition polyester RPET chaude et douce, faite de plastique recycl\u00e9 pour favoriser la r\u00e9utilisation des d\u00e9chets plastiques et contribuer \u00e0 la durabilit\u00e9 de la plan\u00e8te. Fonction tactile sur l\u00b4auriculaire, l\u2019index et les doigts du pouce. Taille adulte unique, avec badge RPET sur \u00e9tiquette ext\u00e9rieure.<\/p>\n","protected":false},"excerpt":{"rendered":"<p>Paire de gants pratique de ligne naturelle pour appareils \u00e0 \u00e9cran tactile. Finition polyester RPET chaude et douce, faite de plastique recycl\u00e9 pour favoriser la r\u00e9utilisation des d\u00e9chets plastiques et&#8230;<\/p>\n","protected":false},"featured_media":17168,"template":"","meta":[],"product_cat":[357],"product_tag":[],"class_list":{"0":"post-17169","1":"product","2":"type-product","3":"status-publish","4":"has-post-thumbnail","6":"product_cat-eco-friendly","8":"first","9":"instock","10":"shipping-taxable","11":"purchasable","12":"product-type-simple"},"_links":{"self":[{"href":"https:\/\/www.hapy-com.fr\/echoppe\/wp-json\/wp\/v2\/product\/17169","targetHints":{"allow":["GET"]}}],"collection":[{"href":"https:\/\/www.hapy-com.fr\/echoppe\/wp-json\/wp\/v2\/product"}],"about":[{"href":"https:\/\/www.hapy-com.fr\/echoppe\/wp-json\/wp\/v2\/types\/product"}],"wp:featuredmedia":[{"embeddable":true,"href":"https:\/\/www.hapy-com.fr\/echoppe\/wp-json\/wp\/v2\/media\/17168"}],"wp:attachment":[{"href":"https:\/\/www.hapy-com.fr\/echoppe\/wp-json\/wp\/v2\/media?parent=17169"}],"wp:term":[{"taxonomy":"product_cat","embeddable":true,"href":"https:\/\/www.hapy-com.fr\/echoppe\/wp-json\/wp\/v2\/product_cat?post=17169"},{"taxonomy":"product_tag","embeddable":true,"href":"https:\/\/www.hapy-com.fr\/echoppe\/wp-json\/wp\/v2\/product_tag?post=17169"}],"curies":[{"name":"wp","href":"https:\/\/api.w.org\/{rel}","templated":true}]}}