{"id":17171,"date":"2022-06-24T12:48:40","date_gmt":"2022-06-24T10:48:40","guid":{"rendered":"http:\/\/www.hapy-com.fr\/echoppe\/product\/eventail-madera\/"},"modified":"2022-06-24T12:48:40","modified_gmt":"2022-06-24T10:48:40","slug":"eventail-madera","status":"publish","type":"product","link":"https:\/\/www.hapy-com.fr\/echoppe\/product\/eventail-madera\/","title":{"rendered":"\u00c9ventail Madera"},"content":{"rendered":"<p>Eventail en bois naturel ajour\u00e9 avec ruban \u00e0 pompon. Pr\u00e9sent\u00e9 dans une bo\u00eete individuelle.<\/p>\n","protected":false},"excerpt":{"rendered":"<p>Eventail en bois naturel ajour\u00e9 avec ruban \u00e0 pompon. Pr\u00e9sent\u00e9 dans une bo\u00eete individuelle.<\/p>\n","protected":false},"featured_media":17170,"template":"","meta":[],"product_cat":[357],"product_tag":[],"class_list":{"0":"post-17171","1":"product","2":"type-product","3":"status-publish","4":"has-post-thumbnail","6":"product_cat-eco-friendly","8":"first","9":"instock","10":"shipping-taxable","11":"purchasable","12":"product-type-simple"},"_links":{"self":[{"href":"https:\/\/www.hapy-com.fr\/echoppe\/wp-json\/wp\/v2\/product\/17171","targetHints":{"allow":["GET"]}}],"collection":[{"href":"https:\/\/www.hapy-com.fr\/echoppe\/wp-json\/wp\/v2\/product"}],"about":[{"href":"https:\/\/www.hapy-com.fr\/echoppe\/wp-json\/wp\/v2\/types\/product"}],"wp:featuredmedia":[{"embeddable":true,"href":"https:\/\/www.hapy-com.fr\/echoppe\/wp-json\/wp\/v2\/media\/17170"}],"wp:attachment":[{"href":"https:\/\/www.hapy-com.fr\/echoppe\/wp-json\/wp\/v2\/media?parent=17171"}],"wp:term":[{"taxonomy":"product_cat","embeddable":true,"href":"https:\/\/www.hapy-com.fr\/echoppe\/wp-json\/wp\/v2\/product_cat?post=17171"},{"taxonomy":"product_tag","embeddable":true,"href":"https:\/\/www.hapy-com.fr\/echoppe\/wp-json\/wp\/v2\/product_tag?post=17171"}],"curies":[{"name":"wp","href":"https:\/\/api.w.org\/{rel}","templated":true}]}}