{"id":17219,"date":"2022-06-24T12:49:14","date_gmt":"2022-06-24T10:49:14","guid":{"rendered":"http:\/\/www.hapy-com.fr\/echoppe\/product\/set-manicure-beluchi-3\/"},"modified":"2022-07-05T21:44:40","modified_gmt":"2022-07-05T19:44:40","slug":"set-manicure-beluchi-3","status":"publish","type":"product","link":"https:\/\/www.hapy-com.fr\/echoppe\/product\/set-manicure-beluchi-3\/","title":{"rendered":"Set Manicure Beluchi"},"content":{"rendered":"<p>Set manucure compos\u00e9 de 5 accessoires en acier inoxydable pr\u00e9sent\u00e9s dans un \u00e9tui en similicuir disponible en coloris vifs. Fermeture zipp\u00e9e.Composition : pousse cuticules, lime, coupe-ongles, pinces et accessoire \u00e0 ongles.<\/p>\n","protected":false},"excerpt":{"rendered":"<p>Set manucure compos\u00e9 de 5 accessoires en acier inoxydable pr\u00e9sent\u00e9s dans un \u00e9tui en similicuir disponible en coloris vifs. Fermeture zipp\u00e9e.Composition : pousse cuticules, lime, coupe-ongles, pinces et accessoire \u00e0&#8230;<\/p>\n","protected":false},"featured_media":17218,"template":"","meta":[],"product_cat":[358,458],"product_tag":[],"class_list":{"0":"post-17219","1":"product","2":"type-product","3":"status-publish","4":"has-post-thumbnail","6":"product_cat-femmes","7":"product_cat-set","9":"first","10":"instock","11":"shipping-taxable","12":"purchasable","13":"product-type-simple"},"_links":{"self":[{"href":"https:\/\/www.hapy-com.fr\/echoppe\/wp-json\/wp\/v2\/product\/17219","targetHints":{"allow":["GET"]}}],"collection":[{"href":"https:\/\/www.hapy-com.fr\/echoppe\/wp-json\/wp\/v2\/product"}],"about":[{"href":"https:\/\/www.hapy-com.fr\/echoppe\/wp-json\/wp\/v2\/types\/product"}],"wp:featuredmedia":[{"embeddable":true,"href":"https:\/\/www.hapy-com.fr\/echoppe\/wp-json\/wp\/v2\/media\/17218"}],"wp:attachment":[{"href":"https:\/\/www.hapy-com.fr\/echoppe\/wp-json\/wp\/v2\/media?parent=17219"}],"wp:term":[{"taxonomy":"product_cat","embeddable":true,"href":"https:\/\/www.hapy-com.fr\/echoppe\/wp-json\/wp\/v2\/product_cat?post=17219"},{"taxonomy":"product_tag","embeddable":true,"href":"https:\/\/www.hapy-com.fr\/echoppe\/wp-json\/wp\/v2\/product_tag?post=17219"}],"curies":[{"name":"wp","href":"https:\/\/api.w.org\/{rel}","templated":true}]}}