{"id":17242,"date":"2022-06-24T12:49:31","date_gmt":"2022-06-24T10:49:31","guid":{"rendered":"http:\/\/www.hapy-com.fr\/echoppe\/product\/porte-cles-porte-monnaie-dyna-2\/"},"modified":"2022-06-24T12:49:31","modified_gmt":"2022-06-24T10:49:31","slug":"porte-cles-porte-monnaie-dyna-2","status":"publish","type":"product","link":"https:\/\/www.hapy-com.fr\/echoppe\/product\/porte-cles-porte-monnaie-dyna-2\/","title":{"rendered":"Porte-Cl\u00e9s Porte Monnaie Dyna"},"content":{"rendered":"<p>Porte monnaie de forme semi circulaire en 100% microfibre. Propos\u00e9 en coloris vari\u00e9s et vifs. Avec Zip  assorti, liser\u00e9 argent\u00e9 et anneau sur le curseur.<\/p>\n","protected":false},"excerpt":{"rendered":"<p>Porte monnaie de forme semi circulaire en 100% microfibre. Propos\u00e9 en coloris vari\u00e9s et vifs. Avec Zip assorti, liser\u00e9 argent\u00e9 et anneau sur le curseur.<\/p>\n","protected":false},"featured_media":17241,"template":"","meta":[],"product_cat":[358],"product_tag":[],"class_list":{"0":"post-17242","1":"product","2":"type-product","3":"status-publish","4":"has-post-thumbnail","6":"product_cat-femmes","8":"first","9":"instock","10":"shipping-taxable","11":"purchasable","12":"product-type-simple"},"_links":{"self":[{"href":"https:\/\/www.hapy-com.fr\/echoppe\/wp-json\/wp\/v2\/product\/17242","targetHints":{"allow":["GET"]}}],"collection":[{"href":"https:\/\/www.hapy-com.fr\/echoppe\/wp-json\/wp\/v2\/product"}],"about":[{"href":"https:\/\/www.hapy-com.fr\/echoppe\/wp-json\/wp\/v2\/types\/product"}],"wp:featuredmedia":[{"embeddable":true,"href":"https:\/\/www.hapy-com.fr\/echoppe\/wp-json\/wp\/v2\/media\/17241"}],"wp:attachment":[{"href":"https:\/\/www.hapy-com.fr\/echoppe\/wp-json\/wp\/v2\/media?parent=17242"}],"wp:term":[{"taxonomy":"product_cat","embeddable":true,"href":"https:\/\/www.hapy-com.fr\/echoppe\/wp-json\/wp\/v2\/product_cat?post=17242"},{"taxonomy":"product_tag","embeddable":true,"href":"https:\/\/www.hapy-com.fr\/echoppe\/wp-json\/wp\/v2\/product_tag?post=17242"}],"curies":[{"name":"wp","href":"https:\/\/api.w.org\/{rel}","templated":true}]}}