{"id":17254,"date":"2022-06-24T12:49:39","date_gmt":"2022-06-24T10:49:39","guid":{"rendered":"http:\/\/www.hapy-com.fr\/echoppe\/product\/necessaire-xana-2\/"},"modified":"2022-07-05T21:37:55","modified_gmt":"2022-07-05T19:37:55","slug":"necessaire-xana-2","status":"publish","type":"product","link":"https:\/\/www.hapy-com.fr\/echoppe\/product\/necessaire-xana-2\/","title":{"rendered":"N\u00e9cessaire Xana"},"content":{"rendered":"<p>N\u00e9cessaire multifonctions en PVC r\u00e9sistant, coloris vifs. Avec miroir int\u00e9rieur et fermeture zipp\u00e9e assortie.<\/p>\n","protected":false},"excerpt":{"rendered":"<p>N\u00e9cessaire multifonctions en PVC r\u00e9sistant, coloris vifs. Avec miroir int\u00e9rieur et fermeture zipp\u00e9e assortie.<\/p>\n","protected":false},"featured_media":17253,"template":"","meta":[],"product_cat":[358,452],"product_tag":[],"class_list":{"0":"post-17254","1":"product","2":"type-product","3":"status-publish","4":"has-post-thumbnail","6":"product_cat-femmes","7":"product_cat-miroir","9":"first","10":"instock","11":"shipping-taxable","12":"purchasable","13":"product-type-simple"},"_links":{"self":[{"href":"https:\/\/www.hapy-com.fr\/echoppe\/wp-json\/wp\/v2\/product\/17254","targetHints":{"allow":["GET"]}}],"collection":[{"href":"https:\/\/www.hapy-com.fr\/echoppe\/wp-json\/wp\/v2\/product"}],"about":[{"href":"https:\/\/www.hapy-com.fr\/echoppe\/wp-json\/wp\/v2\/types\/product"}],"wp:featuredmedia":[{"embeddable":true,"href":"https:\/\/www.hapy-com.fr\/echoppe\/wp-json\/wp\/v2\/media\/17253"}],"wp:attachment":[{"href":"https:\/\/www.hapy-com.fr\/echoppe\/wp-json\/wp\/v2\/media?parent=17254"}],"wp:term":[{"taxonomy":"product_cat","embeddable":true,"href":"https:\/\/www.hapy-com.fr\/echoppe\/wp-json\/wp\/v2\/product_cat?post=17254"},{"taxonomy":"product_tag","embeddable":true,"href":"https:\/\/www.hapy-com.fr\/echoppe\/wp-json\/wp\/v2\/product_tag?post=17254"}],"curies":[{"name":"wp","href":"https:\/\/api.w.org\/{rel}","templated":true}]}}