{"id":17261,"date":"2022-06-24T12:49:43","date_gmt":"2022-06-24T10:49:43","guid":{"rendered":"http:\/\/www.hapy-com.fr\/echoppe\/product\/set-limes-catys\/"},"modified":"2022-07-05T21:44:39","modified_gmt":"2022-07-05T19:44:39","slug":"set-limes-catys","status":"publish","type":"product","link":"https:\/\/www.hapy-com.fr\/echoppe\/product\/set-limes-catys\/","title":{"rendered":"Set Limes Catys"},"content":{"rendered":"<p>Ensemble de 6 limes dans une gamme vari\u00e9e de couleurs vives. Pr\u00e9sent\u00e9 en \u00e9tui individuel en carton blanc.<\/p>\n","protected":false},"excerpt":{"rendered":"<p>Ensemble de 6 limes dans une gamme vari\u00e9e de couleurs vives. Pr\u00e9sent\u00e9 en \u00e9tui individuel en carton blanc.<\/p>\n","protected":false},"featured_media":17260,"template":"","meta":[],"product_cat":[358,458],"product_tag":[],"class_list":{"0":"post-17261","1":"product","2":"type-product","3":"status-publish","4":"has-post-thumbnail","6":"product_cat-femmes","7":"product_cat-set","9":"first","10":"instock","11":"shipping-taxable","12":"purchasable","13":"product-type-simple"},"_links":{"self":[{"href":"https:\/\/www.hapy-com.fr\/echoppe\/wp-json\/wp\/v2\/product\/17261","targetHints":{"allow":["GET"]}}],"collection":[{"href":"https:\/\/www.hapy-com.fr\/echoppe\/wp-json\/wp\/v2\/product"}],"about":[{"href":"https:\/\/www.hapy-com.fr\/echoppe\/wp-json\/wp\/v2\/types\/product"}],"wp:featuredmedia":[{"embeddable":true,"href":"https:\/\/www.hapy-com.fr\/echoppe\/wp-json\/wp\/v2\/media\/17260"}],"wp:attachment":[{"href":"https:\/\/www.hapy-com.fr\/echoppe\/wp-json\/wp\/v2\/media?parent=17261"}],"wp:term":[{"taxonomy":"product_cat","embeddable":true,"href":"https:\/\/www.hapy-com.fr\/echoppe\/wp-json\/wp\/v2\/product_cat?post=17261"},{"taxonomy":"product_tag","embeddable":true,"href":"https:\/\/www.hapy-com.fr\/echoppe\/wp-json\/wp\/v2\/product_tag?post=17261"}],"curies":[{"name":"wp","href":"https:\/\/api.w.org\/{rel}","templated":true}]}}