{"id":17324,"date":"2022-06-24T12:50:30","date_gmt":"2022-06-24T10:50:30","guid":{"rendered":"http:\/\/www.hapy-com.fr\/echoppe\/product\/pareo-foulard-rosix-2\/"},"modified":"2022-07-05T21:43:58","modified_gmt":"2022-07-05T19:43:58","slug":"pareo-foulard-rosix-2","status":"publish","type":"product","link":"https:\/\/www.hapy-com.fr\/echoppe\/product\/pareo-foulard-rosix-2\/","title":{"rendered":"Par\u00e9o Foulard Rosix"},"content":{"rendered":"<p>Par\u00e9o foulard doux en m\u00e9lange de viscose et polyester propos\u00e9 en couleurs lumineuses. Pr\u00e9sent\u00e9 dans un sac en PVC transparent zipp\u00e9.<\/p>\n","protected":false},"excerpt":{"rendered":"<p>Par\u00e9o foulard doux en m\u00e9lange de viscose et polyester propos\u00e9 en couleurs lumineuses. Pr\u00e9sent\u00e9 dans un sac en PVC transparent zipp\u00e9.<\/p>\n","protected":false},"featured_media":17323,"template":"","meta":[],"product_cat":[358,448,457],"product_tag":[],"class_list":{"0":"post-17324","1":"product","2":"type-product","3":"status-publish","4":"has-post-thumbnail","6":"product_cat-femmes","7":"product_cat-foulard","8":"product_cat-sac","10":"first","11":"instock","12":"shipping-taxable","13":"purchasable","14":"product-type-simple"},"_links":{"self":[{"href":"https:\/\/www.hapy-com.fr\/echoppe\/wp-json\/wp\/v2\/product\/17324","targetHints":{"allow":["GET"]}}],"collection":[{"href":"https:\/\/www.hapy-com.fr\/echoppe\/wp-json\/wp\/v2\/product"}],"about":[{"href":"https:\/\/www.hapy-com.fr\/echoppe\/wp-json\/wp\/v2\/types\/product"}],"wp:featuredmedia":[{"embeddable":true,"href":"https:\/\/www.hapy-com.fr\/echoppe\/wp-json\/wp\/v2\/media\/17323"}],"wp:attachment":[{"href":"https:\/\/www.hapy-com.fr\/echoppe\/wp-json\/wp\/v2\/media?parent=17324"}],"wp:term":[{"taxonomy":"product_cat","embeddable":true,"href":"https:\/\/www.hapy-com.fr\/echoppe\/wp-json\/wp\/v2\/product_cat?post=17324"},{"taxonomy":"product_tag","embeddable":true,"href":"https:\/\/www.hapy-com.fr\/echoppe\/wp-json\/wp\/v2\/product_tag?post=17324"}],"curies":[{"name":"wp","href":"https:\/\/api.w.org\/{rel}","templated":true}]}}