{"id":17378,"date":"2022-06-24T12:51:11","date_gmt":"2022-06-24T10:51:11","guid":{"rendered":"http:\/\/www.hapy-com.fr\/echoppe\/product\/necessaire-saeki-2\/"},"modified":"2022-07-05T21:43:57","modified_gmt":"2022-07-05T19:43:57","slug":"necessaire-saeki-2","status":"publish","type":"product","link":"https:\/\/www.hapy-com.fr\/echoppe\/product\/necessaire-saeki-2\/","title":{"rendered":"N\u00e9cessaire Saeki"},"content":{"rendered":"<p>Sac multifonctions de haute qualit\u00e9 et r\u00e9sistant en EVA translucide dans des couleurs vives. Avec fermeture zipp\u00e9e blanche et anse de transport assortie.<\/p>\n","protected":false},"excerpt":{"rendered":"<p>Sac multifonctions de haute qualit\u00e9 et r\u00e9sistant en EVA translucide dans des couleurs vives. Avec fermeture zipp\u00e9e blanche et anse de transport assortie.<\/p>\n","protected":false},"featured_media":17377,"template":"","meta":[],"product_cat":[358,457],"product_tag":[],"class_list":{"0":"post-17378","1":"product","2":"type-product","3":"status-publish","4":"has-post-thumbnail","6":"product_cat-femmes","7":"product_cat-sac","9":"first","10":"instock","11":"shipping-taxable","12":"purchasable","13":"product-type-simple"},"_links":{"self":[{"href":"https:\/\/www.hapy-com.fr\/echoppe\/wp-json\/wp\/v2\/product\/17378","targetHints":{"allow":["GET"]}}],"collection":[{"href":"https:\/\/www.hapy-com.fr\/echoppe\/wp-json\/wp\/v2\/product"}],"about":[{"href":"https:\/\/www.hapy-com.fr\/echoppe\/wp-json\/wp\/v2\/types\/product"}],"wp:featuredmedia":[{"embeddable":true,"href":"https:\/\/www.hapy-com.fr\/echoppe\/wp-json\/wp\/v2\/media\/17377"}],"wp:attachment":[{"href":"https:\/\/www.hapy-com.fr\/echoppe\/wp-json\/wp\/v2\/media?parent=17378"}],"wp:term":[{"taxonomy":"product_cat","embeddable":true,"href":"https:\/\/www.hapy-com.fr\/echoppe\/wp-json\/wp\/v2\/product_cat?post=17378"},{"taxonomy":"product_tag","embeddable":true,"href":"https:\/\/www.hapy-com.fr\/echoppe\/wp-json\/wp\/v2\/product_tag?post=17378"}],"curies":[{"name":"wp","href":"https:\/\/api.w.org\/{rel}","templated":true}]}}