{"id":17389,"date":"2022-06-24T12:51:20","date_gmt":"2022-06-24T10:51:20","guid":{"rendered":"http:\/\/www.hapy-com.fr\/echoppe\/product\/necessaire-conakar\/"},"modified":"2022-06-24T12:51:20","modified_gmt":"2022-06-24T10:51:20","slug":"necessaire-conakar","status":"publish","type":"product","link":"https:\/\/www.hapy-com.fr\/echoppe\/product\/necessaire-conakar\/","title":{"rendered":"N\u00e9cessaire Conakar"},"content":{"rendered":"<p>Trousse bicolore polyvalente en polyester avec une fermeture zipp\u00e9e d\u00e9clin\u00e9e en plusieurs coloris.<\/p>\n","protected":false},"excerpt":{"rendered":"<p>Trousse bicolore polyvalente en polyester avec une fermeture zipp\u00e9e d\u00e9clin\u00e9e en plusieurs coloris.<\/p>\n","protected":false},"featured_media":17387,"template":"","meta":[],"product_cat":[358],"product_tag":[],"class_list":{"0":"post-17389","1":"product","2":"type-product","3":"status-publish","4":"has-post-thumbnail","6":"product_cat-femmes","8":"first","9":"instock","10":"shipping-taxable","11":"purchasable","12":"product-type-simple"},"_links":{"self":[{"href":"https:\/\/www.hapy-com.fr\/echoppe\/wp-json\/wp\/v2\/product\/17389","targetHints":{"allow":["GET"]}}],"collection":[{"href":"https:\/\/www.hapy-com.fr\/echoppe\/wp-json\/wp\/v2\/product"}],"about":[{"href":"https:\/\/www.hapy-com.fr\/echoppe\/wp-json\/wp\/v2\/types\/product"}],"wp:featuredmedia":[{"embeddable":true,"href":"https:\/\/www.hapy-com.fr\/echoppe\/wp-json\/wp\/v2\/media\/17387"}],"wp:attachment":[{"href":"https:\/\/www.hapy-com.fr\/echoppe\/wp-json\/wp\/v2\/media?parent=17389"}],"wp:term":[{"taxonomy":"product_cat","embeddable":true,"href":"https:\/\/www.hapy-com.fr\/echoppe\/wp-json\/wp\/v2\/product_cat?post=17389"},{"taxonomy":"product_tag","embeddable":true,"href":"https:\/\/www.hapy-com.fr\/echoppe\/wp-json\/wp\/v2\/product_tag?post=17389"}],"curies":[{"name":"wp","href":"https:\/\/api.w.org\/{rel}","templated":true}]}}