{"id":17391,"date":"2022-06-24T12:51:22","date_gmt":"2022-06-24T10:51:22","guid":{"rendered":"http:\/\/www.hapy-com.fr\/echoppe\/product\/necessaire-conakar-2\/"},"modified":"2022-06-24T12:51:22","modified_gmt":"2022-06-24T10:51:22","slug":"necessaire-conakar-2","status":"publish","type":"product","link":"https:\/\/www.hapy-com.fr\/echoppe\/product\/necessaire-conakar-2\/","title":{"rendered":"N\u00e9cessaire Conakar"},"content":{"rendered":"<p>Trousse bicolore polyvalente en polyester avec une fermeture zipp\u00e9e d\u00e9clin\u00e9e en plusieurs coloris.<\/p>\n","protected":false},"excerpt":{"rendered":"<p>Trousse bicolore polyvalente en polyester avec une fermeture zipp\u00e9e d\u00e9clin\u00e9e en plusieurs coloris.<\/p>\n","protected":false},"featured_media":17390,"template":"","meta":[],"product_cat":[358],"product_tag":[],"class_list":{"0":"post-17391","1":"product","2":"type-product","3":"status-publish","4":"has-post-thumbnail","6":"product_cat-femmes","8":"first","9":"instock","10":"shipping-taxable","11":"purchasable","12":"product-type-simple"},"_links":{"self":[{"href":"https:\/\/www.hapy-com.fr\/echoppe\/wp-json\/wp\/v2\/product\/17391","targetHints":{"allow":["GET"]}}],"collection":[{"href":"https:\/\/www.hapy-com.fr\/echoppe\/wp-json\/wp\/v2\/product"}],"about":[{"href":"https:\/\/www.hapy-com.fr\/echoppe\/wp-json\/wp\/v2\/types\/product"}],"wp:featuredmedia":[{"embeddable":true,"href":"https:\/\/www.hapy-com.fr\/echoppe\/wp-json\/wp\/v2\/media\/17390"}],"wp:attachment":[{"href":"https:\/\/www.hapy-com.fr\/echoppe\/wp-json\/wp\/v2\/media?parent=17391"}],"wp:term":[{"taxonomy":"product_cat","embeddable":true,"href":"https:\/\/www.hapy-com.fr\/echoppe\/wp-json\/wp\/v2\/product_cat?post=17391"},{"taxonomy":"product_tag","embeddable":true,"href":"https:\/\/www.hapy-com.fr\/echoppe\/wp-json\/wp\/v2\/product_tag?post=17391"}],"curies":[{"name":"wp","href":"https:\/\/api.w.org\/{rel}","templated":true}]}}