{"id":17398,"date":"2022-06-24T12:51:28","date_gmt":"2022-06-24T10:51:28","guid":{"rendered":"http:\/\/www.hapy-com.fr\/echoppe\/product\/brosse-zilam\/"},"modified":"2022-06-24T12:51:28","modified_gmt":"2022-06-24T10:51:28","slug":"brosse-zilam","status":"publish","type":"product","link":"https:\/\/www.hapy-com.fr\/echoppe\/product\/brosse-zilam\/","title":{"rendered":"Brosse Zilam"},"content":{"rendered":"<p>Brosse de conception minimaliste avec syst\u00e8me anti-enchev\u00eatrement et barbes de diff\u00e9rentes longueurs.<\/p>\n","protected":false},"excerpt":{"rendered":"<p>Brosse de conception minimaliste avec syst\u00e8me anti-enchev\u00eatrement et barbes de diff\u00e9rentes longueurs.<\/p>\n","protected":false},"featured_media":17397,"template":"","meta":[],"product_cat":[358],"product_tag":[],"class_list":{"0":"post-17398","1":"product","2":"type-product","3":"status-publish","4":"has-post-thumbnail","6":"product_cat-femmes","8":"first","9":"instock","10":"shipping-taxable","11":"purchasable","12":"product-type-simple"},"_links":{"self":[{"href":"https:\/\/www.hapy-com.fr\/echoppe\/wp-json\/wp\/v2\/product\/17398","targetHints":{"allow":["GET"]}}],"collection":[{"href":"https:\/\/www.hapy-com.fr\/echoppe\/wp-json\/wp\/v2\/product"}],"about":[{"href":"https:\/\/www.hapy-com.fr\/echoppe\/wp-json\/wp\/v2\/types\/product"}],"wp:featuredmedia":[{"embeddable":true,"href":"https:\/\/www.hapy-com.fr\/echoppe\/wp-json\/wp\/v2\/media\/17397"}],"wp:attachment":[{"href":"https:\/\/www.hapy-com.fr\/echoppe\/wp-json\/wp\/v2\/media?parent=17398"}],"wp:term":[{"taxonomy":"product_cat","embeddable":true,"href":"https:\/\/www.hapy-com.fr\/echoppe\/wp-json\/wp\/v2\/product_cat?post=17398"},{"taxonomy":"product_tag","embeddable":true,"href":"https:\/\/www.hapy-com.fr\/echoppe\/wp-json\/wp\/v2\/product_tag?post=17398"}],"curies":[{"name":"wp","href":"https:\/\/api.w.org\/{rel}","templated":true}]}}