{"id":17400,"date":"2022-06-24T12:51:29","date_gmt":"2022-06-24T10:51:29","guid":{"rendered":"http:\/\/www.hapy-com.fr\/echoppe\/product\/fourre-tout-babit\/"},"modified":"2022-07-05T21:31:17","modified_gmt":"2022-07-05T19:31:17","slug":"fourre-tout-babit","status":"publish","type":"product","link":"https:\/\/www.hapy-com.fr\/echoppe\/product\/fourre-tout-babit\/","title":{"rendered":"Fourre-Tout Babit"},"content":{"rendered":"<p>Trousse, pochette multi-usage, m\u00e9lange de coton polyester, couleur naturelle. Fermeture \u00e9clair assortie, Prise en main facile gr\u00e2ce une corde tress\u00e9 qui passe par un anneau m\u00e9tallique.<\/p>\n","protected":false},"excerpt":{"rendered":"<p>Trousse, pochette multi-usage, m\u00e9lange de coton polyester, couleur naturelle. Fermeture \u00e9clair assortie, Prise en main facile gr\u00e2ce une corde tress\u00e9 qui passe par un anneau m\u00e9tallique.<\/p>\n","protected":false},"featured_media":17399,"template":"","meta":[],"product_cat":[358,449],"product_tag":[],"class_list":{"0":"post-17400","1":"product","2":"type-product","3":"status-publish","4":"has-post-thumbnail","6":"product_cat-femmes","7":"product_cat-fourre-tout","9":"first","10":"instock","11":"shipping-taxable","12":"purchasable","13":"product-type-simple"},"_links":{"self":[{"href":"https:\/\/www.hapy-com.fr\/echoppe\/wp-json\/wp\/v2\/product\/17400","targetHints":{"allow":["GET"]}}],"collection":[{"href":"https:\/\/www.hapy-com.fr\/echoppe\/wp-json\/wp\/v2\/product"}],"about":[{"href":"https:\/\/www.hapy-com.fr\/echoppe\/wp-json\/wp\/v2\/types\/product"}],"wp:featuredmedia":[{"embeddable":true,"href":"https:\/\/www.hapy-com.fr\/echoppe\/wp-json\/wp\/v2\/media\/17399"}],"wp:attachment":[{"href":"https:\/\/www.hapy-com.fr\/echoppe\/wp-json\/wp\/v2\/media?parent=17400"}],"wp:term":[{"taxonomy":"product_cat","embeddable":true,"href":"https:\/\/www.hapy-com.fr\/echoppe\/wp-json\/wp\/v2\/product_cat?post=17400"},{"taxonomy":"product_tag","embeddable":true,"href":"https:\/\/www.hapy-com.fr\/echoppe\/wp-json\/wp\/v2\/product_tag?post=17400"}],"curies":[{"name":"wp","href":"https:\/\/api.w.org\/{rel}","templated":true}]}}