{"id":17404,"date":"2022-06-24T12:51:32","date_gmt":"2022-06-24T10:51:32","guid":{"rendered":"http:\/\/www.hapy-com.fr\/echoppe\/product\/fourre-tout-siony\/"},"modified":"2022-07-05T21:31:18","modified_gmt":"2022-07-05T19:31:18","slug":"fourre-tout-siony","status":"publish","type":"product","link":"https:\/\/www.hapy-com.fr\/echoppe\/product\/fourre-tout-siony\/","title":{"rendered":"Fourre-Tout Siony"},"content":{"rendered":"<p>Pochette XL de la gamme \u00e9co-friendly. Avec doublure int\u00e9rieure assortie, poign\u00e9e de transport avec mousqueton en m\u00e9tal, fermeture \u00e9clair.<\/p>\n","protected":false},"excerpt":{"rendered":"<p>Pochette XL de la gamme \u00e9co-friendly. Avec doublure int\u00e9rieure assortie, poign\u00e9e de transport avec mousqueton en m\u00e9tal, fermeture \u00e9clair.<\/p>\n","protected":false},"featured_media":17403,"template":"","meta":[],"product_cat":[358,449],"product_tag":[],"class_list":{"0":"post-17404","1":"product","2":"type-product","3":"status-publish","4":"has-post-thumbnail","6":"product_cat-femmes","7":"product_cat-fourre-tout","9":"first","10":"instock","11":"shipping-taxable","12":"purchasable","13":"product-type-simple"},"_links":{"self":[{"href":"https:\/\/www.hapy-com.fr\/echoppe\/wp-json\/wp\/v2\/product\/17404","targetHints":{"allow":["GET"]}}],"collection":[{"href":"https:\/\/www.hapy-com.fr\/echoppe\/wp-json\/wp\/v2\/product"}],"about":[{"href":"https:\/\/www.hapy-com.fr\/echoppe\/wp-json\/wp\/v2\/types\/product"}],"wp:featuredmedia":[{"embeddable":true,"href":"https:\/\/www.hapy-com.fr\/echoppe\/wp-json\/wp\/v2\/media\/17403"}],"wp:attachment":[{"href":"https:\/\/www.hapy-com.fr\/echoppe\/wp-json\/wp\/v2\/media?parent=17404"}],"wp:term":[{"taxonomy":"product_cat","embeddable":true,"href":"https:\/\/www.hapy-com.fr\/echoppe\/wp-json\/wp\/v2\/product_cat?post=17404"},{"taxonomy":"product_tag","embeddable":true,"href":"https:\/\/www.hapy-com.fr\/echoppe\/wp-json\/wp\/v2\/product_tag?post=17404"}],"curies":[{"name":"wp","href":"https:\/\/api.w.org\/{rel}","templated":true}]}}