{"id":17428,"date":"2022-06-24T12:51:48","date_gmt":"2022-06-24T10:51:48","guid":{"rendered":"http:\/\/www.hapy-com.fr\/echoppe\/product\/fourre-tout-bellagios\/"},"modified":"2022-07-05T21:31:17","modified_gmt":"2022-07-05T19:31:17","slug":"fourre-tout-bellagios","status":"publish","type":"product","link":"https:\/\/www.hapy-com.fr\/echoppe\/product\/fourre-tout-bellagios\/","title":{"rendered":"Fourre-Tout Bellagios"},"content":{"rendered":"<p>Fourre-tout interactif \u00e1 pailletes aux frappant couleurs m\u00e9talliques. Lorsque vous faites glisser votre doigt sur les paillettes, la surface change de couleur. Avec doublure int\u00e9rieure noire et poign\u00e9e confortable pour une ouverture facile.<\/p>\n","protected":false},"excerpt":{"rendered":"<p>Fourre-tout interactif \u00e1 pailletes aux frappant couleurs m\u00e9talliques. Lorsque vous faites glisser votre doigt sur les paillettes, la surface change de couleur. Avec doublure int\u00e9rieure noire et poign\u00e9e confortable pour&#8230;<\/p>\n","protected":false},"featured_media":17427,"template":"","meta":[],"product_cat":[358,449],"product_tag":[],"class_list":{"0":"post-17428","1":"product","2":"type-product","3":"status-publish","4":"has-post-thumbnail","6":"product_cat-femmes","7":"product_cat-fourre-tout","9":"first","10":"instock","11":"shipping-taxable","12":"purchasable","13":"product-type-simple"},"_links":{"self":[{"href":"https:\/\/www.hapy-com.fr\/echoppe\/wp-json\/wp\/v2\/product\/17428","targetHints":{"allow":["GET"]}}],"collection":[{"href":"https:\/\/www.hapy-com.fr\/echoppe\/wp-json\/wp\/v2\/product"}],"about":[{"href":"https:\/\/www.hapy-com.fr\/echoppe\/wp-json\/wp\/v2\/types\/product"}],"wp:featuredmedia":[{"embeddable":true,"href":"https:\/\/www.hapy-com.fr\/echoppe\/wp-json\/wp\/v2\/media\/17427"}],"wp:attachment":[{"href":"https:\/\/www.hapy-com.fr\/echoppe\/wp-json\/wp\/v2\/media?parent=17428"}],"wp:term":[{"taxonomy":"product_cat","embeddable":true,"href":"https:\/\/www.hapy-com.fr\/echoppe\/wp-json\/wp\/v2\/product_cat?post=17428"},{"taxonomy":"product_tag","embeddable":true,"href":"https:\/\/www.hapy-com.fr\/echoppe\/wp-json\/wp\/v2\/product_tag?post=17428"}],"curies":[{"name":"wp","href":"https:\/\/api.w.org\/{rel}","templated":true}]}}