{"id":17439,"date":"2022-06-24T12:51:57","date_gmt":"2022-06-24T10:51:57","guid":{"rendered":"http:\/\/www.hapy-com.fr\/echoppe\/product\/necessaire-bracyn-2\/"},"modified":"2022-06-24T12:51:57","modified_gmt":"2022-06-24T10:51:57","slug":"necessaire-bracyn-2","status":"publish","type":"product","link":"https:\/\/www.hapy-com.fr\/echoppe\/product\/necessaire-bracyn-2\/","title":{"rendered":"N\u00e9cessaire Bracyn"},"content":{"rendered":"<p>Pochette translucide en PVC. Fermeture \u00e9clair de couleur. Disponible en diff\u00e9rents coloris. PVC<\/p>\n","protected":false},"excerpt":{"rendered":"<p>Pochette translucide en PVC. Fermeture \u00e9clair de couleur. Disponible en diff\u00e9rents coloris. PVC<\/p>\n","protected":false},"featured_media":17438,"template":"","meta":[],"product_cat":[358],"product_tag":[],"class_list":{"0":"post-17439","1":"product","2":"type-product","3":"status-publish","4":"has-post-thumbnail","6":"product_cat-femmes","8":"first","9":"instock","10":"shipping-taxable","11":"purchasable","12":"product-type-simple"},"_links":{"self":[{"href":"https:\/\/www.hapy-com.fr\/echoppe\/wp-json\/wp\/v2\/product\/17439","targetHints":{"allow":["GET"]}}],"collection":[{"href":"https:\/\/www.hapy-com.fr\/echoppe\/wp-json\/wp\/v2\/product"}],"about":[{"href":"https:\/\/www.hapy-com.fr\/echoppe\/wp-json\/wp\/v2\/types\/product"}],"wp:featuredmedia":[{"embeddable":true,"href":"https:\/\/www.hapy-com.fr\/echoppe\/wp-json\/wp\/v2\/media\/17438"}],"wp:attachment":[{"href":"https:\/\/www.hapy-com.fr\/echoppe\/wp-json\/wp\/v2\/media?parent=17439"}],"wp:term":[{"taxonomy":"product_cat","embeddable":true,"href":"https:\/\/www.hapy-com.fr\/echoppe\/wp-json\/wp\/v2\/product_cat?post=17439"},{"taxonomy":"product_tag","embeddable":true,"href":"https:\/\/www.hapy-com.fr\/echoppe\/wp-json\/wp\/v2\/product_tag?post=17439"}],"curies":[{"name":"wp","href":"https:\/\/api.w.org\/{rel}","templated":true}]}}