{"id":17499,"date":"2022-06-24T12:52:39","date_gmt":"2022-06-24T10:52:39","guid":{"rendered":"http:\/\/www.hapy-com.fr\/echoppe\/product\/boite-bijoux-didy-2\/"},"modified":"2022-06-24T12:52:39","modified_gmt":"2022-06-24T10:52:39","slug":"boite-bijoux-didy-2","status":"publish","type":"product","link":"https:\/\/www.hapy-com.fr\/echoppe\/product\/boite-bijoux-didy-2\/","title":{"rendered":"Bo\u00eete Bijoux Didy"},"content":{"rendered":"<p>Etui \u00e0 bijoux en polyester souple de couleurs sobres. Pliable, il comprend un porte-bague et deux poches zipp\u00e9es assorties. Fermeture avec rubans et accessoires de couleur argent.<\/p>\n","protected":false},"excerpt":{"rendered":"<p>Etui \u00e0 bijoux en polyester souple de couleurs sobres. Pliable, il comprend un porte-bague et deux poches zipp\u00e9es assorties. Fermeture avec rubans et accessoires de couleur argent.<\/p>\n","protected":false},"featured_media":17497,"template":"","meta":[],"product_cat":[358],"product_tag":[],"class_list":{"0":"post-17499","1":"product","2":"type-product","3":"status-publish","4":"has-post-thumbnail","6":"product_cat-femmes","8":"first","9":"instock","10":"shipping-taxable","11":"purchasable","12":"product-type-simple"},"_links":{"self":[{"href":"https:\/\/www.hapy-com.fr\/echoppe\/wp-json\/wp\/v2\/product\/17499","targetHints":{"allow":["GET"]}}],"collection":[{"href":"https:\/\/www.hapy-com.fr\/echoppe\/wp-json\/wp\/v2\/product"}],"about":[{"href":"https:\/\/www.hapy-com.fr\/echoppe\/wp-json\/wp\/v2\/types\/product"}],"wp:featuredmedia":[{"embeddable":true,"href":"https:\/\/www.hapy-com.fr\/echoppe\/wp-json\/wp\/v2\/media\/17497"}],"wp:attachment":[{"href":"https:\/\/www.hapy-com.fr\/echoppe\/wp-json\/wp\/v2\/media?parent=17499"}],"wp:term":[{"taxonomy":"product_cat","embeddable":true,"href":"https:\/\/www.hapy-com.fr\/echoppe\/wp-json\/wp\/v2\/product_cat?post=17499"},{"taxonomy":"product_tag","embeddable":true,"href":"https:\/\/www.hapy-com.fr\/echoppe\/wp-json\/wp\/v2\/product_tag?post=17499"}],"curies":[{"name":"wp","href":"https:\/\/api.w.org\/{rel}","templated":true}]}}