{"id":17507,"date":"2022-06-24T12:52:44","date_gmt":"2022-06-24T10:52:44","guid":{"rendered":"http:\/\/www.hapy-com.fr\/echoppe\/product\/necessaire-aquarium-3\/"},"modified":"2022-06-24T12:52:44","modified_gmt":"2022-06-24T10:52:44","slug":"necessaire-aquarium-3","status":"publish","type":"product","link":"https:\/\/www.hapy-com.fr\/echoppe\/product\/necessaire-aquarium-3\/","title":{"rendered":"N\u00e9cessaire Aquarium"},"content":{"rendered":"<p>Trousse multifonction en PVC translucide r\u00e9sistant aux couleurs vives. Avec fen\u00eatre transparente et fermeture zipp\u00e9e assortie.<\/p>\n","protected":false},"excerpt":{"rendered":"<p>Trousse multifonction en PVC translucide r\u00e9sistant aux couleurs vives. Avec fen\u00eatre transparente et fermeture zipp\u00e9e assortie.<\/p>\n","protected":false},"featured_media":17506,"template":"","meta":[],"product_cat":[358],"product_tag":[],"class_list":{"0":"post-17507","1":"product","2":"type-product","3":"status-publish","4":"has-post-thumbnail","6":"product_cat-femmes","8":"first","9":"instock","10":"shipping-taxable","11":"purchasable","12":"product-type-simple"},"_links":{"self":[{"href":"https:\/\/www.hapy-com.fr\/echoppe\/wp-json\/wp\/v2\/product\/17507","targetHints":{"allow":["GET"]}}],"collection":[{"href":"https:\/\/www.hapy-com.fr\/echoppe\/wp-json\/wp\/v2\/product"}],"about":[{"href":"https:\/\/www.hapy-com.fr\/echoppe\/wp-json\/wp\/v2\/types\/product"}],"wp:featuredmedia":[{"embeddable":true,"href":"https:\/\/www.hapy-com.fr\/echoppe\/wp-json\/wp\/v2\/media\/17506"}],"wp:attachment":[{"href":"https:\/\/www.hapy-com.fr\/echoppe\/wp-json\/wp\/v2\/media?parent=17507"}],"wp:term":[{"taxonomy":"product_cat","embeddable":true,"href":"https:\/\/www.hapy-com.fr\/echoppe\/wp-json\/wp\/v2\/product_cat?post=17507"},{"taxonomy":"product_tag","embeddable":true,"href":"https:\/\/www.hapy-com.fr\/echoppe\/wp-json\/wp\/v2\/product_tag?post=17507"}],"curies":[{"name":"wp","href":"https:\/\/api.w.org\/{rel}","templated":true}]}}