{"id":17516,"date":"2022-06-24T12:52:51","date_gmt":"2022-06-24T10:52:51","guid":{"rendered":"http:\/\/www.hapy-com.fr\/echoppe\/product\/necessaire-britney-3\/"},"modified":"2022-06-24T12:52:51","modified_gmt":"2022-06-24T10:52:51","slug":"necessaire-britney-3","status":"publish","type":"product","link":"https:\/\/www.hapy-com.fr\/echoppe\/product\/necessaire-britney-3\/","title":{"rendered":"N\u00e9cessaire Britney"},"content":{"rendered":"<p>Trousse multiusages en polyester 600D r\u00e9sistant propos\u00e9e en diff\u00e9rentes couleurs vives. Avec fermeture zipp\u00e9e assortie et tire-zip ruban assorti pour faciliter l\u00b4ouverture.<\/p>\n","protected":false},"excerpt":{"rendered":"<p>Trousse multiusages en polyester 600D r\u00e9sistant propos\u00e9e en diff\u00e9rentes couleurs vives. Avec fermeture zipp\u00e9e assortie et tire-zip ruban assorti pour faciliter l\u00b4ouverture.<\/p>\n","protected":false},"featured_media":17515,"template":"","meta":[],"product_cat":[358],"product_tag":[],"class_list":{"0":"post-17516","1":"product","2":"type-product","3":"status-publish","4":"has-post-thumbnail","6":"product_cat-femmes","8":"first","9":"instock","10":"shipping-taxable","11":"purchasable","12":"product-type-simple"},"_links":{"self":[{"href":"https:\/\/www.hapy-com.fr\/echoppe\/wp-json\/wp\/v2\/product\/17516","targetHints":{"allow":["GET"]}}],"collection":[{"href":"https:\/\/www.hapy-com.fr\/echoppe\/wp-json\/wp\/v2\/product"}],"about":[{"href":"https:\/\/www.hapy-com.fr\/echoppe\/wp-json\/wp\/v2\/types\/product"}],"wp:featuredmedia":[{"embeddable":true,"href":"https:\/\/www.hapy-com.fr\/echoppe\/wp-json\/wp\/v2\/media\/17515"}],"wp:attachment":[{"href":"https:\/\/www.hapy-com.fr\/echoppe\/wp-json\/wp\/v2\/media?parent=17516"}],"wp:term":[{"taxonomy":"product_cat","embeddable":true,"href":"https:\/\/www.hapy-com.fr\/echoppe\/wp-json\/wp\/v2\/product_cat?post=17516"},{"taxonomy":"product_tag","embeddable":true,"href":"https:\/\/www.hapy-com.fr\/echoppe\/wp-json\/wp\/v2\/product_tag?post=17516"}],"curies":[{"name":"wp","href":"https:\/\/api.w.org\/{rel}","templated":true}]}}