{"id":17562,"date":"2022-06-24T12:53:22","date_gmt":"2022-06-24T10:53:22","guid":{"rendered":"http:\/\/www.hapy-com.fr\/echoppe\/product\/tour-de-cou-cherin\/"},"modified":"2022-07-05T21:55:08","modified_gmt":"2022-07-05T19:55:08","slug":"tour-de-cou-cherin","status":"publish","type":"product","link":"https:\/\/www.hapy-com.fr\/echoppe\/product\/tour-de-cou-cherin\/","title":{"rendered":"Tour de Cou Cherin"},"content":{"rendered":"<p>Tour de cou  multi-positions de bonne qualit\u00e9 en polyester \u00e9lastique au touch\u00e9 agr\u00e9able. Disponible dans une large gamme de couleurs et facile \u00e0 imprimer. Le mod\u00e8le en blanc est sp\u00e9cialement con\u00e7ue pour la sublimation.<\/p>\n","protected":false},"excerpt":{"rendered":"<p>Tour de cou multi-positions de bonne qualit\u00e9 en polyester \u00e9lastique au touch\u00e9 agr\u00e9able. Disponible dans une large gamme de couleurs et facile \u00e0 imprimer. Le mod\u00e8le en blanc est sp\u00e9cialement&#8230;<\/p>\n","protected":false},"featured_media":17560,"template":"","meta":[],"product_cat":[334,461],"product_tag":[],"class_list":{"0":"post-17562","1":"product","2":"type-product","3":"status-publish","4":"has-post-thumbnail","6":"product_cat-textile","7":"product_cat-tour-de-cou","9":"first","10":"instock","11":"shipping-taxable","12":"purchasable","13":"product-type-simple"},"_links":{"self":[{"href":"https:\/\/www.hapy-com.fr\/echoppe\/wp-json\/wp\/v2\/product\/17562","targetHints":{"allow":["GET"]}}],"collection":[{"href":"https:\/\/www.hapy-com.fr\/echoppe\/wp-json\/wp\/v2\/product"}],"about":[{"href":"https:\/\/www.hapy-com.fr\/echoppe\/wp-json\/wp\/v2\/types\/product"}],"wp:featuredmedia":[{"embeddable":true,"href":"https:\/\/www.hapy-com.fr\/echoppe\/wp-json\/wp\/v2\/media\/17560"}],"wp:attachment":[{"href":"https:\/\/www.hapy-com.fr\/echoppe\/wp-json\/wp\/v2\/media?parent=17562"}],"wp:term":[{"taxonomy":"product_cat","embeddable":true,"href":"https:\/\/www.hapy-com.fr\/echoppe\/wp-json\/wp\/v2\/product_cat?post=17562"},{"taxonomy":"product_tag","embeddable":true,"href":"https:\/\/www.hapy-com.fr\/echoppe\/wp-json\/wp\/v2\/product_tag?post=17562"}],"curies":[{"name":"wp","href":"https:\/\/api.w.org\/{rel}","templated":true}]}}