{"id":17616,"date":"2022-06-24T12:54:02","date_gmt":"2022-06-24T10:54:02","guid":{"rendered":"http:\/\/www.hapy-com.fr\/echoppe\/product\/parapluie-meslop-7\/"},"modified":"2022-07-05T21:38:22","modified_gmt":"2022-07-05T19:38:22","slug":"parapluie-meslop-7","status":"publish","type":"product","link":"https:\/\/www.hapy-com.fr\/echoppe\/product\/parapluie-meslop-7\/","title":{"rendered":"Parapluie Meslop"},"content":{"rendered":"<p>Parapluie avec 8 panneaux dans une large gamme de couleurs vives et 105cm de diam\u00e8tre. Ouverture automatique en polyester r\u00e9sistant, avec tiges m\u00e9talliques noires et manche assorti.<\/p>\n","protected":false},"excerpt":{"rendered":"<p>Parapluie avec 8 panneaux dans une large gamme de couleurs vives et 105cm de diam\u00e8tre. Ouverture automatique en polyester r\u00e9sistant, avec tiges m\u00e9talliques noires et manche assorti.<\/p>\n","protected":false},"featured_media":17615,"template":"","meta":[],"product_cat":[453,334],"product_tag":[],"class_list":{"0":"post-17616","1":"product","2":"type-product","3":"status-publish","4":"has-post-thumbnail","6":"product_cat-parapluie","7":"product_cat-textile","9":"first","10":"instock","11":"shipping-taxable","12":"purchasable","13":"product-type-simple"},"_links":{"self":[{"href":"https:\/\/www.hapy-com.fr\/echoppe\/wp-json\/wp\/v2\/product\/17616","targetHints":{"allow":["GET"]}}],"collection":[{"href":"https:\/\/www.hapy-com.fr\/echoppe\/wp-json\/wp\/v2\/product"}],"about":[{"href":"https:\/\/www.hapy-com.fr\/echoppe\/wp-json\/wp\/v2\/types\/product"}],"wp:featuredmedia":[{"embeddable":true,"href":"https:\/\/www.hapy-com.fr\/echoppe\/wp-json\/wp\/v2\/media\/17615"}],"wp:attachment":[{"href":"https:\/\/www.hapy-com.fr\/echoppe\/wp-json\/wp\/v2\/media?parent=17616"}],"wp:term":[{"taxonomy":"product_cat","embeddable":true,"href":"https:\/\/www.hapy-com.fr\/echoppe\/wp-json\/wp\/v2\/product_cat?post=17616"},{"taxonomy":"product_tag","embeddable":true,"href":"https:\/\/www.hapy-com.fr\/echoppe\/wp-json\/wp\/v2\/product_tag?post=17616"}],"curies":[{"name":"wp","href":"https:\/\/api.w.org\/{rel}","templated":true}]}}