{"id":17627,"date":"2022-06-24T12:54:10","date_gmt":"2022-06-24T10:54:10","guid":{"rendered":"http:\/\/www.hapy-com.fr\/echoppe\/product\/sac-pliable-conel-4\/"},"modified":"2022-07-05T21:44:02","modified_gmt":"2022-07-05T19:44:02","slug":"sac-pliable-conel-4","status":"publish","type":"product","link":"https:\/\/www.hapy-com.fr\/echoppe\/product\/sac-pliable-conel-4\/","title":{"rendered":"Sac Pliable Conel"},"content":{"rendered":"<p>Sac pliable aux couleurs amusantes et vari\u00e9es. Fabriqu\u00e9 en polyester lisse 190T, avec \u00e9lastique pour plier et finition cousue.<\/p>\n","protected":false},"excerpt":{"rendered":"<p>Sac pliable aux couleurs amusantes et vari\u00e9es. Fabriqu\u00e9 en polyester lisse 190T, avec \u00e9lastique pour plier et finition cousue.<\/p>\n","protected":false},"featured_media":17626,"template":"","meta":[],"product_cat":[457,334],"product_tag":[],"class_list":{"0":"post-17627","1":"product","2":"type-product","3":"status-publish","4":"has-post-thumbnail","6":"product_cat-sac","7":"product_cat-textile","9":"first","10":"instock","11":"shipping-taxable","12":"purchasable","13":"product-type-simple"},"_links":{"self":[{"href":"https:\/\/www.hapy-com.fr\/echoppe\/wp-json\/wp\/v2\/product\/17627","targetHints":{"allow":["GET"]}}],"collection":[{"href":"https:\/\/www.hapy-com.fr\/echoppe\/wp-json\/wp\/v2\/product"}],"about":[{"href":"https:\/\/www.hapy-com.fr\/echoppe\/wp-json\/wp\/v2\/types\/product"}],"wp:featuredmedia":[{"embeddable":true,"href":"https:\/\/www.hapy-com.fr\/echoppe\/wp-json\/wp\/v2\/media\/17626"}],"wp:attachment":[{"href":"https:\/\/www.hapy-com.fr\/echoppe\/wp-json\/wp\/v2\/media?parent=17627"}],"wp:term":[{"taxonomy":"product_cat","embeddable":true,"href":"https:\/\/www.hapy-com.fr\/echoppe\/wp-json\/wp\/v2\/product_cat?post=17627"},{"taxonomy":"product_tag","embeddable":true,"href":"https:\/\/www.hapy-com.fr\/echoppe\/wp-json\/wp\/v2\/product_tag?post=17627"}],"curies":[{"name":"wp","href":"https:\/\/api.w.org\/{rel}","templated":true}]}}